{"id":3264,"date":"2024-12-17T21:25:54","date_gmt":"2024-12-17T21:25:54","guid":{"rendered":"https:\/\/fam.al\/?post_type=product&#038;p=3264"},"modified":"2025-04-01T09:24:19","modified_gmt":"2025-04-01T08:24:19","slug":"primitivo-di-manduria","status":"publish","type":"product","link":"https:\/\/fam.al\/al\/produkt\/primitivo-di-manduria\/","title":{"rendered":"Primitivo di Manduria"},"content":{"rendered":"","protected":false},"excerpt":{"rendered":"<p>Nj\u00eb ver\u00eb e kuqe me shije t\u00eb frutave t\u00eb kuqe t\u00eb pjekura, si qershi dhe murriz, me nj\u00eb nuanc\u00eb er\u00ebzash dhe ndjesi t\u00eb but\u00eb n\u00eb goj\u00eb. Ideale p\u00ebr t\u2019u shoq\u00ebruar me pasta t\u00eb pasura ose mishra t\u00eb pjekur.<\/p>","protected":false},"featured_media":3620,"template":"","meta":{"_acf_changed":false},"product_brand":[],"product_cat":[27],"product_tag":[],"class_list":{"0":"post-3264","1":"product","2":"type-product","3":"status-publish","4":"has-post-thumbnail","6":"product_cat-red-wines","8":"first","9":"instock","10":"shipping-taxable","11":"purchasable","12":"product-type-simple"},"acf":[],"yoast_head":"<!-- This site is optimized with the Yoast SEO Premium plugin v27.0 (Yoast SEO v27.3) - https:\/\/yoast.com\/product\/yoast-seo-premium-wordpress\/ -->\n<title>Primitivo di Manduria - FAM<\/title>\n<meta name=\"description\" content=\"A red wine with flavors of ripe red fruit, such as cherry and blackberry, with a hint of spice and a smooth mouthfeel.\" \/>\n<meta name=\"robots\" content=\"index, follow, max-snippet:-1, max-image-preview:large, max-video-preview:-1\" \/>\n<link rel=\"canonical\" href=\"https:\/\/fam.al\/al\/produkt\/primitivo-di-manduria\/\" \/>\n<meta property=\"og:locale\" content=\"sq_AL\" \/>\n<meta property=\"og:type\" content=\"article\" \/>\n<meta property=\"og:title\" content=\"Primitivo di Manduria\" \/>\n<meta property=\"og:description\" content=\"A red wine with flavors of ripe red fruit, such as cherry and blackberry, with a hint of spice and a smooth mouthfeel.\" \/>\n<meta property=\"og:url\" content=\"https:\/\/fam.al\/al\/produkt\/primitivo-di-manduria\/\" \/>\n<meta property=\"og:site_name\" content=\"FAM\" \/>\n<meta property=\"article:modified_time\" content=\"2025-04-01T08:24:19+00:00\" \/>\n<meta property=\"og:image\" content=\"https:\/\/fam.al\/wp-content\/uploads\/2024\/12\/Primitivo-di-Manduria.png\" \/>\n\t<meta property=\"og:image:width\" content=\"840\" \/>\n\t<meta property=\"og:image:height\" content=\"1335\" \/>\n\t<meta property=\"og:image:type\" content=\"image\/png\" \/>\n<meta name=\"twitter:card\" content=\"summary_large_image\" \/>\n<meta name=\"twitter:label1\" content=\"Price\" \/>\n\t<meta name=\"twitter:data1\" content=\"2400&nbsp;L\" \/>\n\t<meta name=\"twitter:label2\" content=\"Availability\" \/>\n\t<meta name=\"twitter:data2\" content=\"In stock\" \/>\n<script type=\"application\/ld+json\" class=\"yoast-schema-graph\">{\"@context\":\"https:\\\/\\\/schema.org\",\"@graph\":[{\"@type\":\"WebPage\",\"@id\":\"https:\\\/\\\/fam.al\\\/product\\\/primitivo-di-manduria\\\/\",\"url\":\"https:\\\/\\\/fam.al\\\/product\\\/primitivo-di-manduria\\\/\",\"name\":\"Primitivo di Manduria - FAM\",\"isPartOf\":{\"@id\":\"https:\\\/\\\/fam.al\\\/al\\\/#website\"},\"primaryImageOfPage\":{\"@id\":\"https:\\\/\\\/fam.al\\\/product\\\/primitivo-di-manduria\\\/#primaryimage\"},\"image\":{\"@id\":\"https:\\\/\\\/fam.al\\\/product\\\/primitivo-di-manduria\\\/#primaryimage\"},\"thumbnailUrl\":\"https:\\\/\\\/fam.al\\\/wp-content\\\/uploads\\\/2024\\\/12\\\/Primitivo-di-Manduria.png\",\"datePublished\":\"2024-12-17T21:25:54+00:00\",\"dateModified\":\"2025-04-01T08:24:19+00:00\",\"description\":\"A red wine with flavors of ripe red fruit, such as cherry and blackberry, with a hint of spice and a smooth mouthfeel.\",\"breadcrumb\":{\"@id\":\"https:\\\/\\\/fam.al\\\/product\\\/primitivo-di-manduria\\\/#breadcrumb\"},\"inLanguage\":\"sq\",\"potentialAction\":[{\"@type\":\"ReadAction\",\"target\":[\"https:\\\/\\\/fam.al\\\/product\\\/primitivo-di-manduria\\\/\"]}]},{\"@type\":\"ImageObject\",\"inLanguage\":\"sq\",\"@id\":\"https:\\\/\\\/fam.al\\\/product\\\/primitivo-di-manduria\\\/#primaryimage\",\"url\":\"https:\\\/\\\/fam.al\\\/wp-content\\\/uploads\\\/2024\\\/12\\\/Primitivo-di-Manduria.png\",\"contentUrl\":\"https:\\\/\\\/fam.al\\\/wp-content\\\/uploads\\\/2024\\\/12\\\/Primitivo-di-Manduria.png\",\"width\":840,\"height\":1335,\"caption\":\"Primitivo di Manduria\"},{\"@type\":\"BreadcrumbList\",\"@id\":\"https:\\\/\\\/fam.al\\\/product\\\/primitivo-di-manduria\\\/#breadcrumb\",\"itemListElement\":[{\"@type\":\"ListItem\",\"position\":1,\"name\":\"Home\",\"item\":\"https:\\\/\\\/fam.al\\\/\"},{\"@type\":\"ListItem\",\"position\":2,\"name\":\"Wines\",\"item\":\"https:\\\/\\\/fam.al\\\/wines\\\/\"},{\"@type\":\"ListItem\",\"position\":3,\"name\":\"Primitivo di Manduria\"}]},{\"@type\":\"WebSite\",\"@id\":\"https:\\\/\\\/fam.al\\\/al\\\/#website\",\"url\":\"https:\\\/\\\/fam.al\\\/al\\\/\",\"name\":\"FAM\",\"description\":\"In Vino Veritas\",\"publisher\":{\"@id\":\"https:\\\/\\\/fam.al\\\/al\\\/#organization\"},\"potentialAction\":[{\"@type\":\"SearchAction\",\"target\":{\"@type\":\"EntryPoint\",\"urlTemplate\":\"https:\\\/\\\/fam.al\\\/al\\\/?s={search_term_string}\"},\"query-input\":{\"@type\":\"PropertyValueSpecification\",\"valueRequired\":true,\"valueName\":\"search_term_string\"}}],\"inLanguage\":\"sq\"},{\"@type\":[\"Organization\",\"Place\"],\"@id\":\"https:\\\/\\\/fam.al\\\/al\\\/#organization\",\"name\":\"FAM Veritas\",\"url\":\"https:\\\/\\\/fam.al\\\/al\\\/\",\"logo\":{\"@id\":\"https:\\\/\\\/fam.al\\\/product\\\/primitivo-di-manduria\\\/#local-main-organization-logo\"},\"image\":{\"@id\":\"https:\\\/\\\/fam.al\\\/product\\\/primitivo-di-manduria\\\/#local-main-organization-logo\"},\"sameAs\":[\"https:\\\/\\\/www.instagram.com\\\/famveritas\\\/\"],\"address\":{\"@id\":\"https:\\\/\\\/fam.al\\\/product\\\/primitivo-di-manduria\\\/#local-main-place-address\"},\"geo\":{\"@type\":\"GeoCoordinates\",\"latitude\":\"41.3275459\",\"longitude\":\"19.8186982\"},\"telephone\":[],\"contactPoint\":{\"@type\":\"ContactPoint\",\"telephone\":\"+355685654444\",\"email\":\"contact@fam.al\"},\"openingHoursSpecification\":[{\"@type\":\"OpeningHoursSpecification\",\"dayOfWeek\":[\"Monday\",\"Tuesday\",\"Wednesday\",\"Thursday\",\"Friday\",\"Saturday\",\"Sunday\"],\"opens\":\"09:00\",\"closes\":\"17:00\"}]},{\"@type\":\"PostalAddress\",\"@id\":\"https:\\\/\\\/fam.al\\\/product\\\/primitivo-di-manduria\\\/#local-main-place-address\",\"streetAddress\":\"Feizi Himzi Street, Astir\",\"addressLocality\":\"Tiran\u00eb\",\"postalCode\":\"1001\",\"addressCountry\":\"AL\"},{\"@type\":\"ImageObject\",\"inLanguage\":\"sq\",\"@id\":\"https:\\\/\\\/fam.al\\\/product\\\/primitivo-di-manduria\\\/#local-main-organization-logo\",\"url\":\"https:\\\/\\\/fam.al\\\/wp-content\\\/uploads\\\/2024\\\/12\\\/cropped-Receipt-Logo.png\",\"contentUrl\":\"https:\\\/\\\/fam.al\\\/wp-content\\\/uploads\\\/2024\\\/12\\\/cropped-Receipt-Logo.png\",\"width\":512,\"height\":512,\"caption\":\"FAM Veritas\"}]}<\/script>\n<meta property=\"product:price:amount\" content=\"2400\" \/>\n<meta property=\"product:price:currency\" content=\"ALL\" \/>\n<meta property=\"og:availability\" content=\"instock\" \/>\n<meta property=\"product:availability\" content=\"instock\" \/>\n<meta property=\"product:condition\" content=\"new\" \/>\n<meta name=\"geo.placename\" content=\"Tiran\u00eb\" \/>\n<meta name=\"geo.position\" content=\"41.3275459;19.8186982\" \/>\n<meta name=\"geo.region\" content=\"Albania\" \/>\n<!-- \/ Yoast SEO Premium plugin. -->","yoast_head_json":{"title":"Primitivo di Manduria - FAM","description":"Nj\u00eb ver\u00eb e kuqe me shije t\u00eb frutave t\u00eb kuqe t\u00eb pjekura, si qershi dhe murriz, me nj\u00eb nuanc\u00eb er\u00ebzash dhe ndjesi t\u00eb but\u00eb n\u00eb goj\u00eb.","robots":{"index":"index","follow":"follow","max-snippet":"max-snippet:-1","max-image-preview":"max-image-preview:large","max-video-preview":"max-video-preview:-1"},"canonical":"https:\/\/fam.al\/al\/produkt\/primitivo-di-manduria\/","og_locale":"sq_AL","og_type":"article","og_title":"Primitivo di Manduria","og_description":"A red wine with flavors of ripe red fruit, such as cherry and blackberry, with a hint of spice and a smooth mouthfeel.","og_url":"https:\/\/fam.al\/al\/produkt\/primitivo-di-manduria\/","og_site_name":"FAM","article_modified_time":"2025-04-01T08:24:19+00:00","og_image":[{"width":840,"height":1335,"url":"https:\/\/fam.al\/wp-content\/uploads\/2024\/12\/Primitivo-di-Manduria.png","type":"image\/png"}],"twitter_card":"summary_large_image","twitter_misc":{"Price":"2400&nbsp;L","Availability":"In stock"},"schema":{"@context":"https:\/\/schema.org","@graph":[{"@type":"WebPage","@id":"https:\/\/fam.al\/product\/primitivo-di-manduria\/","url":"https:\/\/fam.al\/product\/primitivo-di-manduria\/","name":"Primitivo di Manduria - FAM","isPartOf":{"@id":"https:\/\/fam.al\/al\/#website"},"primaryImageOfPage":{"@id":"https:\/\/fam.al\/product\/primitivo-di-manduria\/#primaryimage"},"image":{"@id":"https:\/\/fam.al\/product\/primitivo-di-manduria\/#primaryimage"},"thumbnailUrl":"https:\/\/fam.al\/wp-content\/uploads\/2024\/12\/Primitivo-di-Manduria.png","datePublished":"2024-12-17T21:25:54+00:00","dateModified":"2025-04-01T08:24:19+00:00","description":"Nj\u00eb ver\u00eb e kuqe me shije t\u00eb frutave t\u00eb kuqe t\u00eb pjekura, si qershi dhe murriz, me nj\u00eb nuanc\u00eb er\u00ebzash dhe ndjesi t\u00eb but\u00eb n\u00eb goj\u00eb.","breadcrumb":{"@id":"https:\/\/fam.al\/product\/primitivo-di-manduria\/#breadcrumb"},"inLanguage":"sq","potentialAction":[{"@type":"ReadAction","target":["https:\/\/fam.al\/product\/primitivo-di-manduria\/"]}]},{"@type":"ImageObject","inLanguage":"sq","@id":"https:\/\/fam.al\/product\/primitivo-di-manduria\/#primaryimage","url":"https:\/\/fam.al\/wp-content\/uploads\/2024\/12\/Primitivo-di-Manduria.png","contentUrl":"https:\/\/fam.al\/wp-content\/uploads\/2024\/12\/Primitivo-di-Manduria.png","width":840,"height":1335,"caption":"Primitivo di Manduria"},{"@type":"BreadcrumbList","@id":"https:\/\/fam.al\/product\/primitivo-di-manduria\/#breadcrumb","itemListElement":[{"@type":"ListItem","position":1,"name":"Home","item":"https:\/\/fam.al\/"},{"@type":"ListItem","position":2,"name":"Wines","item":"https:\/\/fam.al\/wines\/"},{"@type":"ListItem","position":3,"name":"Primitivo di Manduria"}]},{"@type":"WebSite","@id":"https:\/\/fam.al\/al\/#website","url":"https:\/\/fam.al\/al\/","name":"FAM","description":"In Vino Veritas","publisher":{"@id":"https:\/\/fam.al\/al\/#organization"},"potentialAction":[{"@type":"SearchAction","target":{"@type":"EntryPoint","urlTemplate":"https:\/\/fam.al\/al\/?s={search_term_string}"},"query-input":{"@type":"PropertyValueSpecification","valueRequired":true,"valueName":"search_term_string"}}],"inLanguage":"sq"},{"@type":["Organization","Place"],"@id":"https:\/\/fam.al\/al\/#organization","name":"FAM Veritas","url":"https:\/\/fam.al\/al\/","logo":{"@id":"https:\/\/fam.al\/product\/primitivo-di-manduria\/#local-main-organization-logo"},"image":{"@id":"https:\/\/fam.al\/product\/primitivo-di-manduria\/#local-main-organization-logo"},"sameAs":["https:\/\/www.instagram.com\/famveritas\/"],"address":{"@id":"https:\/\/fam.al\/product\/primitivo-di-manduria\/#local-main-place-address"},"geo":{"@type":"GeoCoordinates","latitude":"41.3275459","longitude":"19.8186982"},"telephone":[],"contactPoint":{"@type":"ContactPoint","telephone":"+355685654444","email":"contact@fam.al"},"openingHoursSpecification":[{"@type":"OpeningHoursSpecification","dayOfWeek":["Monday","Tuesday","Wednesday","Thursday","Friday","Saturday","Sunday"],"opens":"09:00","closes":"17:00"}]},{"@type":"PostalAddress","@id":"https:\/\/fam.al\/product\/primitivo-di-manduria\/#local-main-place-address","streetAddress":"Feizi Himzi Street, Astir","addressLocality":"Tiran\u00eb","postalCode":"1001","addressCountry":"AL"},{"@type":"ImageObject","inLanguage":"sq","@id":"https:\/\/fam.al\/product\/primitivo-di-manduria\/#local-main-organization-logo","url":"https:\/\/fam.al\/wp-content\/uploads\/2024\/12\/cropped-Receipt-Logo.png","contentUrl":"https:\/\/fam.al\/wp-content\/uploads\/2024\/12\/cropped-Receipt-Logo.png","width":512,"height":512,"caption":"FAM Veritas"}]},"product_price_amount":"2400","product_price_currency":"ALL","og_availability":"instock","product_availability":"instock","product_condition":"new","geo.placename":"Tiran\u00eb","geo.position":{"lat":"41.3275459","long":"19.8186982"},"geo.region":"Albania"},"_links":{"self":[{"href":"https:\/\/fam.al\/al\/wp-json\/wp\/v2\/product\/3264","targetHints":{"allow":["GET"]}}],"collection":[{"href":"https:\/\/fam.al\/al\/wp-json\/wp\/v2\/product"}],"about":[{"href":"https:\/\/fam.al\/al\/wp-json\/wp\/v2\/types\/product"}],"wp:featuredmedia":[{"embeddable":true,"href":"https:\/\/fam.al\/al\/wp-json\/wp\/v2\/media\/3620"}],"wp:attachment":[{"href":"https:\/\/fam.al\/al\/wp-json\/wp\/v2\/media?parent=3264"}],"wp:term":[{"taxonomy":"product_brand","embeddable":true,"href":"https:\/\/fam.al\/al\/wp-json\/wp\/v2\/product_brand?post=3264"},{"taxonomy":"product_cat","embeddable":true,"href":"https:\/\/fam.al\/al\/wp-json\/wp\/v2\/product_cat?post=3264"},{"taxonomy":"product_tag","embeddable":true,"href":"https:\/\/fam.al\/al\/wp-json\/wp\/v2\/product_tag?post=3264"}],"curies":[{"name":"wp","href":"https:\/\/api.w.org\/{rel}","templated":true}]}}