{"id":3262,"date":"2024-12-17T21:20:14","date_gmt":"2024-12-17T21:20:14","guid":{"rendered":"https:\/\/fam.al\/?post_type=product&#038;p=3262"},"modified":"2025-12-12T21:03:31","modified_gmt":"2025-12-12T20:03:31","slug":"ripasso-valpolicella-superiore","status":"publish","type":"product","link":"https:\/\/fam.al\/al\/produkt\/ripasso-valpolicella-superiore\/","title":{"rendered":"Ripasso Valpolicella Superiore"},"content":{"rendered":"","protected":false},"excerpt":{"rendered":"<p>Nj\u00eb ver\u00eb e kuqe me shije t\u00eb frutave t\u00eb kuqe t\u00eb pjekura, si qershi dhe mjedra, t\u00eb shoq\u00ebruara me nuanca barishte dhe er\u00ebzash. P\u00ebrshtatet mir\u00eb me pasta, mishra t\u00eb pjekura dhe djath\u00ebra t\u00eb vjet\u00ebr.<\/p>","protected":false},"featured_media":3621,"template":"","meta":{"_acf_changed":false},"product_brand":[],"product_cat":[27],"product_tag":[],"class_list":{"0":"post-3262","1":"product","2":"type-product","3":"status-publish","4":"has-post-thumbnail","6":"product_cat-red-wines","8":"first","9":"instock","10":"shipping-taxable","11":"purchasable","12":"product-type-simple"},"acf":[],"yoast_head":"<!-- This site is optimized with the Yoast SEO Premium plugin v27.0 (Yoast SEO v27.3) - https:\/\/yoast.com\/product\/yoast-seo-premium-wordpress\/ -->\n<title>Ripasso Valpolicella Superiore - FAM<\/title>\n<meta name=\"description\" content=\"A red wine with flavors of ripe red berries, like cherry and raspberry, combined with notes of dried herbs and spice.\" \/>\n<meta name=\"robots\" content=\"index, follow, max-snippet:-1, max-image-preview:large, max-video-preview:-1\" \/>\n<link rel=\"canonical\" href=\"https:\/\/fam.al\/al\/produkt\/ripasso-valpolicella-superiore\/\" \/>\n<meta property=\"og:locale\" content=\"sq_AL\" \/>\n<meta property=\"og:type\" content=\"article\" \/>\n<meta property=\"og:title\" content=\"Ripasso Valpolicella Superiore\" \/>\n<meta property=\"og:description\" content=\"A red wine with flavors of ripe red berries, like cherry and raspberry, combined with notes of dried herbs and spice.\" \/>\n<meta property=\"og:url\" content=\"https:\/\/fam.al\/al\/produkt\/ripasso-valpolicella-superiore\/\" \/>\n<meta property=\"og:site_name\" content=\"FAM\" \/>\n<meta property=\"article:modified_time\" content=\"2025-12-12T20:03:31+00:00\" \/>\n<meta property=\"og:image\" content=\"https:\/\/fam.al\/wp-content\/uploads\/2024\/12\/Ripasso-Valpolicella-Superiore.png\" \/>\n\t<meta property=\"og:image:width\" content=\"840\" \/>\n\t<meta property=\"og:image:height\" content=\"1335\" \/>\n\t<meta property=\"og:image:type\" content=\"image\/png\" \/>\n<meta name=\"twitter:card\" content=\"summary_large_image\" \/>\n<meta name=\"twitter:label1\" content=\"Price\" \/>\n\t<meta name=\"twitter:data1\" content=\"4500&nbsp;L\" \/>\n\t<meta name=\"twitter:label2\" content=\"Availability\" \/>\n\t<meta name=\"twitter:data2\" content=\"In stock\" \/>\n<script type=\"application\/ld+json\" class=\"yoast-schema-graph\">{\"@context\":\"https:\\\/\\\/schema.org\",\"@graph\":[{\"@type\":\"WebPage\",\"@id\":\"https:\\\/\\\/fam.al\\\/product\\\/ripasso-valpolicella-superiore\\\/\",\"url\":\"https:\\\/\\\/fam.al\\\/product\\\/ripasso-valpolicella-superiore\\\/\",\"name\":\"Ripasso Valpolicella Superiore - FAM\",\"isPartOf\":{\"@id\":\"https:\\\/\\\/fam.al\\\/al\\\/#website\"},\"primaryImageOfPage\":{\"@id\":\"https:\\\/\\\/fam.al\\\/product\\\/ripasso-valpolicella-superiore\\\/#primaryimage\"},\"image\":{\"@id\":\"https:\\\/\\\/fam.al\\\/product\\\/ripasso-valpolicella-superiore\\\/#primaryimage\"},\"thumbnailUrl\":\"https:\\\/\\\/fam.al\\\/wp-content\\\/uploads\\\/2024\\\/12\\\/Ripasso-Valpolicella-Superiore.png\",\"datePublished\":\"2024-12-17T21:20:14+00:00\",\"dateModified\":\"2025-12-12T20:03:31+00:00\",\"description\":\"A red wine with flavors of ripe red berries, like cherry and raspberry, combined with notes of dried herbs and spice.\",\"breadcrumb\":{\"@id\":\"https:\\\/\\\/fam.al\\\/product\\\/ripasso-valpolicella-superiore\\\/#breadcrumb\"},\"inLanguage\":\"sq\",\"potentialAction\":[{\"@type\":\"ReadAction\",\"target\":[\"https:\\\/\\\/fam.al\\\/product\\\/ripasso-valpolicella-superiore\\\/\"]}]},{\"@type\":\"ImageObject\",\"inLanguage\":\"sq\",\"@id\":\"https:\\\/\\\/fam.al\\\/product\\\/ripasso-valpolicella-superiore\\\/#primaryimage\",\"url\":\"https:\\\/\\\/fam.al\\\/wp-content\\\/uploads\\\/2024\\\/12\\\/Ripasso-Valpolicella-Superiore.png\",\"contentUrl\":\"https:\\\/\\\/fam.al\\\/wp-content\\\/uploads\\\/2024\\\/12\\\/Ripasso-Valpolicella-Superiore.png\",\"width\":840,\"height\":1335,\"caption\":\"Ripasso Valpolicella Superiore\"},{\"@type\":\"BreadcrumbList\",\"@id\":\"https:\\\/\\\/fam.al\\\/product\\\/ripasso-valpolicella-superiore\\\/#breadcrumb\",\"itemListElement\":[{\"@type\":\"ListItem\",\"position\":1,\"name\":\"Home\",\"item\":\"https:\\\/\\\/fam.al\\\/\"},{\"@type\":\"ListItem\",\"position\":2,\"name\":\"Wines\",\"item\":\"https:\\\/\\\/fam.al\\\/wines\\\/\"},{\"@type\":\"ListItem\",\"position\":3,\"name\":\"Ripasso Valpolicella Superiore\"}]},{\"@type\":\"WebSite\",\"@id\":\"https:\\\/\\\/fam.al\\\/al\\\/#website\",\"url\":\"https:\\\/\\\/fam.al\\\/al\\\/\",\"name\":\"FAM\",\"description\":\"In Vino Veritas\",\"publisher\":{\"@id\":\"https:\\\/\\\/fam.al\\\/al\\\/#organization\"},\"potentialAction\":[{\"@type\":\"SearchAction\",\"target\":{\"@type\":\"EntryPoint\",\"urlTemplate\":\"https:\\\/\\\/fam.al\\\/al\\\/?s={search_term_string}\"},\"query-input\":{\"@type\":\"PropertyValueSpecification\",\"valueRequired\":true,\"valueName\":\"search_term_string\"}}],\"inLanguage\":\"sq\"},{\"@type\":[\"Organization\",\"Place\"],\"@id\":\"https:\\\/\\\/fam.al\\\/al\\\/#organization\",\"name\":\"FAM Veritas\",\"url\":\"https:\\\/\\\/fam.al\\\/al\\\/\",\"logo\":{\"@id\":\"https:\\\/\\\/fam.al\\\/product\\\/ripasso-valpolicella-superiore\\\/#local-main-organization-logo\"},\"image\":{\"@id\":\"https:\\\/\\\/fam.al\\\/product\\\/ripasso-valpolicella-superiore\\\/#local-main-organization-logo\"},\"sameAs\":[\"https:\\\/\\\/www.instagram.com\\\/famveritas\\\/\"],\"address\":{\"@id\":\"https:\\\/\\\/fam.al\\\/product\\\/ripasso-valpolicella-superiore\\\/#local-main-place-address\"},\"geo\":{\"@type\":\"GeoCoordinates\",\"latitude\":\"41.3275459\",\"longitude\":\"19.8186982\"},\"telephone\":[],\"contactPoint\":{\"@type\":\"ContactPoint\",\"telephone\":\"+355685654444\",\"email\":\"contact@fam.al\"},\"openingHoursSpecification\":[{\"@type\":\"OpeningHoursSpecification\",\"dayOfWeek\":[\"Monday\",\"Tuesday\",\"Wednesday\",\"Thursday\",\"Friday\",\"Saturday\",\"Sunday\"],\"opens\":\"09:00\",\"closes\":\"17:00\"}]},{\"@type\":\"PostalAddress\",\"@id\":\"https:\\\/\\\/fam.al\\\/product\\\/ripasso-valpolicella-superiore\\\/#local-main-place-address\",\"streetAddress\":\"Feizi Himzi Street, Astir\",\"addressLocality\":\"Tiran\u00eb\",\"postalCode\":\"1001\",\"addressCountry\":\"AL\"},{\"@type\":\"ImageObject\",\"inLanguage\":\"sq\",\"@id\":\"https:\\\/\\\/fam.al\\\/product\\\/ripasso-valpolicella-superiore\\\/#local-main-organization-logo\",\"url\":\"https:\\\/\\\/fam.al\\\/wp-content\\\/uploads\\\/2024\\\/12\\\/cropped-Receipt-Logo.png\",\"contentUrl\":\"https:\\\/\\\/fam.al\\\/wp-content\\\/uploads\\\/2024\\\/12\\\/cropped-Receipt-Logo.png\",\"width\":512,\"height\":512,\"caption\":\"FAM Veritas\"}]}<\/script>\n<meta property=\"product:price:amount\" content=\"4500\" \/>\n<meta property=\"product:price:currency\" content=\"ALL\" \/>\n<meta property=\"og:availability\" content=\"instock\" \/>\n<meta property=\"product:availability\" content=\"instock\" \/>\n<meta property=\"product:condition\" content=\"new\" \/>\n<meta name=\"geo.placename\" content=\"Tiran\u00eb\" \/>\n<meta name=\"geo.position\" content=\"41.3275459;19.8186982\" \/>\n<meta name=\"geo.region\" content=\"Albania\" \/>\n<!-- \/ Yoast SEO Premium plugin. -->","yoast_head_json":{"title":"Ripasso Valpolicella Superiore - FAM","description":"Nj\u00eb ver\u00eb e kuqe me shije t\u00eb frutave t\u00eb kuqe t\u00eb pjekura, si qershi dhe mjedra, t\u00eb shoq\u00ebruara me nuanca barishte dhe er\u00ebzash.","robots":{"index":"index","follow":"follow","max-snippet":"max-snippet:-1","max-image-preview":"max-image-preview:large","max-video-preview":"max-video-preview:-1"},"canonical":"https:\/\/fam.al\/al\/produkt\/ripasso-valpolicella-superiore\/","og_locale":"sq_AL","og_type":"article","og_title":"Ripasso Valpolicella Superiore","og_description":"A red wine with flavors of ripe red berries, like cherry and raspberry, combined with notes of dried herbs and spice.","og_url":"https:\/\/fam.al\/al\/produkt\/ripasso-valpolicella-superiore\/","og_site_name":"FAM","article_modified_time":"2025-12-12T20:03:31+00:00","og_image":[{"width":840,"height":1335,"url":"https:\/\/fam.al\/wp-content\/uploads\/2024\/12\/Ripasso-Valpolicella-Superiore.png","type":"image\/png"}],"twitter_card":"summary_large_image","twitter_misc":{"Price":"4500&nbsp;L","Availability":"In stock"},"schema":{"@context":"https:\/\/schema.org","@graph":[{"@type":"WebPage","@id":"https:\/\/fam.al\/product\/ripasso-valpolicella-superiore\/","url":"https:\/\/fam.al\/product\/ripasso-valpolicella-superiore\/","name":"Ripasso Valpolicella Superiore - FAM","isPartOf":{"@id":"https:\/\/fam.al\/al\/#website"},"primaryImageOfPage":{"@id":"https:\/\/fam.al\/product\/ripasso-valpolicella-superiore\/#primaryimage"},"image":{"@id":"https:\/\/fam.al\/product\/ripasso-valpolicella-superiore\/#primaryimage"},"thumbnailUrl":"https:\/\/fam.al\/wp-content\/uploads\/2024\/12\/Ripasso-Valpolicella-Superiore.png","datePublished":"2024-12-17T21:20:14+00:00","dateModified":"2025-12-12T20:03:31+00:00","description":"Nj\u00eb ver\u00eb e kuqe me shije t\u00eb frutave t\u00eb kuqe t\u00eb pjekura, si qershi dhe mjedra, t\u00eb shoq\u00ebruara me nuanca barishte dhe er\u00ebzash.","breadcrumb":{"@id":"https:\/\/fam.al\/product\/ripasso-valpolicella-superiore\/#breadcrumb"},"inLanguage":"sq","potentialAction":[{"@type":"ReadAction","target":["https:\/\/fam.al\/product\/ripasso-valpolicella-superiore\/"]}]},{"@type":"ImageObject","inLanguage":"sq","@id":"https:\/\/fam.al\/product\/ripasso-valpolicella-superiore\/#primaryimage","url":"https:\/\/fam.al\/wp-content\/uploads\/2024\/12\/Ripasso-Valpolicella-Superiore.png","contentUrl":"https:\/\/fam.al\/wp-content\/uploads\/2024\/12\/Ripasso-Valpolicella-Superiore.png","width":840,"height":1335,"caption":"Ripasso Valpolicella Superiore"},{"@type":"BreadcrumbList","@id":"https:\/\/fam.al\/product\/ripasso-valpolicella-superiore\/#breadcrumb","itemListElement":[{"@type":"ListItem","position":1,"name":"Home","item":"https:\/\/fam.al\/"},{"@type":"ListItem","position":2,"name":"Wines","item":"https:\/\/fam.al\/wines\/"},{"@type":"ListItem","position":3,"name":"Ripasso Valpolicella Superiore"}]},{"@type":"WebSite","@id":"https:\/\/fam.al\/al\/#website","url":"https:\/\/fam.al\/al\/","name":"FAM","description":"In Vino Veritas","publisher":{"@id":"https:\/\/fam.al\/al\/#organization"},"potentialAction":[{"@type":"SearchAction","target":{"@type":"EntryPoint","urlTemplate":"https:\/\/fam.al\/al\/?s={search_term_string}"},"query-input":{"@type":"PropertyValueSpecification","valueRequired":true,"valueName":"search_term_string"}}],"inLanguage":"sq"},{"@type":["Organization","Place"],"@id":"https:\/\/fam.al\/al\/#organization","name":"FAM Veritas","url":"https:\/\/fam.al\/al\/","logo":{"@id":"https:\/\/fam.al\/product\/ripasso-valpolicella-superiore\/#local-main-organization-logo"},"image":{"@id":"https:\/\/fam.al\/product\/ripasso-valpolicella-superiore\/#local-main-organization-logo"},"sameAs":["https:\/\/www.instagram.com\/famveritas\/"],"address":{"@id":"https:\/\/fam.al\/product\/ripasso-valpolicella-superiore\/#local-main-place-address"},"geo":{"@type":"GeoCoordinates","latitude":"41.3275459","longitude":"19.8186982"},"telephone":[],"contactPoint":{"@type":"ContactPoint","telephone":"+355685654444","email":"contact@fam.al"},"openingHoursSpecification":[{"@type":"OpeningHoursSpecification","dayOfWeek":["Monday","Tuesday","Wednesday","Thursday","Friday","Saturday","Sunday"],"opens":"09:00","closes":"17:00"}]},{"@type":"PostalAddress","@id":"https:\/\/fam.al\/product\/ripasso-valpolicella-superiore\/#local-main-place-address","streetAddress":"Feizi Himzi Street, Astir","addressLocality":"Tiran\u00eb","postalCode":"1001","addressCountry":"AL"},{"@type":"ImageObject","inLanguage":"sq","@id":"https:\/\/fam.al\/product\/ripasso-valpolicella-superiore\/#local-main-organization-logo","url":"https:\/\/fam.al\/wp-content\/uploads\/2024\/12\/cropped-Receipt-Logo.png","contentUrl":"https:\/\/fam.al\/wp-content\/uploads\/2024\/12\/cropped-Receipt-Logo.png","width":512,"height":512,"caption":"FAM Veritas"}]},"product_price_amount":"4500","product_price_currency":"ALL","og_availability":"instock","product_availability":"instock","product_condition":"new","geo.placename":"Tiran\u00eb","geo.position":{"lat":"41.3275459","long":"19.8186982"},"geo.region":"Albania"},"_links":{"self":[{"href":"https:\/\/fam.al\/al\/wp-json\/wp\/v2\/product\/3262","targetHints":{"allow":["GET"]}}],"collection":[{"href":"https:\/\/fam.al\/al\/wp-json\/wp\/v2\/product"}],"about":[{"href":"https:\/\/fam.al\/al\/wp-json\/wp\/v2\/types\/product"}],"wp:featuredmedia":[{"embeddable":true,"href":"https:\/\/fam.al\/al\/wp-json\/wp\/v2\/media\/3621"}],"wp:attachment":[{"href":"https:\/\/fam.al\/al\/wp-json\/wp\/v2\/media?parent=3262"}],"wp:term":[{"taxonomy":"product_brand","embeddable":true,"href":"https:\/\/fam.al\/al\/wp-json\/wp\/v2\/product_brand?post=3262"},{"taxonomy":"product_cat","embeddable":true,"href":"https:\/\/fam.al\/al\/wp-json\/wp\/v2\/product_cat?post=3262"},{"taxonomy":"product_tag","embeddable":true,"href":"https:\/\/fam.al\/al\/wp-json\/wp\/v2\/product_tag?post=3262"}],"curies":[{"name":"wp","href":"https:\/\/api.w.org\/{rel}","templated":true}]}}