{"id":3256,"date":"2024-12-17T21:03:09","date_gmt":"2024-12-17T21:03:09","guid":{"rendered":"https:\/\/fam.al\/?post_type=product&#038;p=3256"},"modified":"2025-04-01T09:15:36","modified_gmt":"2025-04-01T08:15:36","slug":"amarone-della-valpolicella-docg-gold","status":"publish","type":"product","link":"https:\/\/fam.al\/al\/produkt\/amarone-della-valpolicella-docg-gold\/","title":{"rendered":"Amarone della Valpolicella DOCG Gold"},"content":{"rendered":"","protected":false},"excerpt":{"rendered":"<p>Nj\u00eb ver\u00eb e kuqe luksoze me shije t\u00eb pasura frutash t\u00eb thata, \u00e7okollate t\u00eb err\u00ebt dhe er\u00ebzash. \u00cbsht\u00eb ideale p\u00ebr t\u2019u shoq\u00ebruar me ushqime t\u00eb pasura si mishra t\u00eb pjekura, loj\u00ebra dhe djath\u00ebra t\u00eb vjet\u00ebr.<\/p>","protected":false},"featured_media":3627,"template":"","meta":{"_acf_changed":false},"product_brand":[],"product_cat":[27],"product_tag":[],"class_list":{"0":"post-3256","1":"product","2":"type-product","3":"status-publish","4":"has-post-thumbnail","6":"product_cat-red-wines","8":"first","9":"instock","10":"shipping-taxable","11":"purchasable","12":"product-type-simple"},"acf":[],"yoast_head":"<!-- This site is optimized with the Yoast SEO Premium plugin v27.0 (Yoast SEO v27.3) - https:\/\/yoast.com\/product\/yoast-seo-premium-wordpress\/ -->\n<title>Amarone della Valpolicella DOCG Gold - FAM<\/title>\n<meta name=\"description\" content=\"A luxurious red wine with rich flavors of dried fruits, dark chocolate, and spices. It\u2019s perfect for pairing with hearty dishes such as roasted meats and aged cheeses.\" \/>\n<meta name=\"robots\" content=\"index, follow, max-snippet:-1, max-image-preview:large, max-video-preview:-1\" \/>\n<link rel=\"canonical\" href=\"https:\/\/fam.al\/al\/produkt\/amarone-della-valpolicella-docg-gold\/\" \/>\n<meta property=\"og:locale\" content=\"sq_AL\" \/>\n<meta property=\"og:type\" content=\"article\" \/>\n<meta property=\"og:title\" content=\"Amarone della Valpolicella DOCG Gold\" \/>\n<meta property=\"og:description\" content=\"A luxurious red wine with rich flavors of dried fruits, dark chocolate, and spices. It\u2019s perfect for pairing with hearty dishes such as roasted meats and aged cheeses.\" \/>\n<meta property=\"og:url\" content=\"https:\/\/fam.al\/al\/produkt\/amarone-della-valpolicella-docg-gold\/\" \/>\n<meta property=\"og:site_name\" content=\"FAM\" \/>\n<meta property=\"article:modified_time\" content=\"2025-04-01T08:15:36+00:00\" \/>\n<meta property=\"og:image\" content=\"https:\/\/fam.al\/wp-content\/uploads\/2024\/12\/Amarone-della-Valpolicella-DOCG-Gold.png\" \/>\n\t<meta property=\"og:image:width\" content=\"840\" \/>\n\t<meta property=\"og:image:height\" content=\"1335\" \/>\n\t<meta property=\"og:image:type\" content=\"image\/png\" \/>\n<meta name=\"twitter:card\" content=\"summary_large_image\" \/>\n<meta name=\"twitter:label1\" content=\"Price\" \/>\n\t<meta name=\"twitter:data1\" content=\"35000&nbsp;L\" \/>\n\t<meta name=\"twitter:label2\" content=\"Availability\" \/>\n\t<meta name=\"twitter:data2\" content=\"In stock\" \/>\n<script type=\"application\/ld+json\" class=\"yoast-schema-graph\">{\"@context\":\"https:\\\/\\\/schema.org\",\"@graph\":[{\"@type\":\"WebPage\",\"@id\":\"https:\\\/\\\/fam.al\\\/product\\\/amarone-della-valpolicella-docg-gold\\\/\",\"url\":\"https:\\\/\\\/fam.al\\\/product\\\/amarone-della-valpolicella-docg-gold\\\/\",\"name\":\"Amarone della Valpolicella DOCG Gold - FAM\",\"isPartOf\":{\"@id\":\"https:\\\/\\\/fam.al\\\/al\\\/#website\"},\"primaryImageOfPage\":{\"@id\":\"https:\\\/\\\/fam.al\\\/product\\\/amarone-della-valpolicella-docg-gold\\\/#primaryimage\"},\"image\":{\"@id\":\"https:\\\/\\\/fam.al\\\/product\\\/amarone-della-valpolicella-docg-gold\\\/#primaryimage\"},\"thumbnailUrl\":\"https:\\\/\\\/fam.al\\\/wp-content\\\/uploads\\\/2024\\\/12\\\/Amarone-della-Valpolicella-DOCG-Gold.png\",\"datePublished\":\"2024-12-17T21:03:09+00:00\",\"dateModified\":\"2025-04-01T08:15:36+00:00\",\"description\":\"A luxurious red wine with rich flavors of dried fruits, dark chocolate, and spices. It\u2019s perfect for pairing with hearty dishes such as roasted meats and aged cheeses.\",\"breadcrumb\":{\"@id\":\"https:\\\/\\\/fam.al\\\/product\\\/amarone-della-valpolicella-docg-gold\\\/#breadcrumb\"},\"inLanguage\":\"sq\",\"potentialAction\":[{\"@type\":\"ReadAction\",\"target\":[\"https:\\\/\\\/fam.al\\\/product\\\/amarone-della-valpolicella-docg-gold\\\/\"]}]},{\"@type\":\"ImageObject\",\"inLanguage\":\"sq\",\"@id\":\"https:\\\/\\\/fam.al\\\/product\\\/amarone-della-valpolicella-docg-gold\\\/#primaryimage\",\"url\":\"https:\\\/\\\/fam.al\\\/wp-content\\\/uploads\\\/2024\\\/12\\\/Amarone-della-Valpolicella-DOCG-Gold.png\",\"contentUrl\":\"https:\\\/\\\/fam.al\\\/wp-content\\\/uploads\\\/2024\\\/12\\\/Amarone-della-Valpolicella-DOCG-Gold.png\",\"width\":840,\"height\":1335,\"caption\":\"Amarone della Valpolicella DOCG Gold\"},{\"@type\":\"BreadcrumbList\",\"@id\":\"https:\\\/\\\/fam.al\\\/product\\\/amarone-della-valpolicella-docg-gold\\\/#breadcrumb\",\"itemListElement\":[{\"@type\":\"ListItem\",\"position\":1,\"name\":\"Home\",\"item\":\"https:\\\/\\\/fam.al\\\/\"},{\"@type\":\"ListItem\",\"position\":2,\"name\":\"Wines\",\"item\":\"https:\\\/\\\/fam.al\\\/wines\\\/\"},{\"@type\":\"ListItem\",\"position\":3,\"name\":\"Amarone della Valpolicella DOCG Gold\"}]},{\"@type\":\"WebSite\",\"@id\":\"https:\\\/\\\/fam.al\\\/al\\\/#website\",\"url\":\"https:\\\/\\\/fam.al\\\/al\\\/\",\"name\":\"FAM\",\"description\":\"In Vino Veritas\",\"publisher\":{\"@id\":\"https:\\\/\\\/fam.al\\\/al\\\/#organization\"},\"potentialAction\":[{\"@type\":\"SearchAction\",\"target\":{\"@type\":\"EntryPoint\",\"urlTemplate\":\"https:\\\/\\\/fam.al\\\/al\\\/?s={search_term_string}\"},\"query-input\":{\"@type\":\"PropertyValueSpecification\",\"valueRequired\":true,\"valueName\":\"search_term_string\"}}],\"inLanguage\":\"sq\"},{\"@type\":[\"Organization\",\"Place\"],\"@id\":\"https:\\\/\\\/fam.al\\\/al\\\/#organization\",\"name\":\"FAM Veritas\",\"url\":\"https:\\\/\\\/fam.al\\\/al\\\/\",\"logo\":{\"@id\":\"https:\\\/\\\/fam.al\\\/product\\\/amarone-della-valpolicella-docg-gold\\\/#local-main-organization-logo\"},\"image\":{\"@id\":\"https:\\\/\\\/fam.al\\\/product\\\/amarone-della-valpolicella-docg-gold\\\/#local-main-organization-logo\"},\"sameAs\":[\"https:\\\/\\\/www.instagram.com\\\/famveritas\\\/\"],\"address\":{\"@id\":\"https:\\\/\\\/fam.al\\\/product\\\/amarone-della-valpolicella-docg-gold\\\/#local-main-place-address\"},\"geo\":{\"@type\":\"GeoCoordinates\",\"latitude\":\"41.3275459\",\"longitude\":\"19.8186982\"},\"telephone\":[],\"contactPoint\":{\"@type\":\"ContactPoint\",\"telephone\":\"+355685654444\",\"email\":\"contact@fam.al\"},\"openingHoursSpecification\":[{\"@type\":\"OpeningHoursSpecification\",\"dayOfWeek\":[\"Monday\",\"Tuesday\",\"Wednesday\",\"Thursday\",\"Friday\",\"Saturday\",\"Sunday\"],\"opens\":\"09:00\",\"closes\":\"17:00\"}]},{\"@type\":\"PostalAddress\",\"@id\":\"https:\\\/\\\/fam.al\\\/product\\\/amarone-della-valpolicella-docg-gold\\\/#local-main-place-address\",\"streetAddress\":\"Feizi Himzi Street, Astir\",\"addressLocality\":\"Tiran\u00eb\",\"postalCode\":\"1001\",\"addressCountry\":\"AL\"},{\"@type\":\"ImageObject\",\"inLanguage\":\"sq\",\"@id\":\"https:\\\/\\\/fam.al\\\/product\\\/amarone-della-valpolicella-docg-gold\\\/#local-main-organization-logo\",\"url\":\"https:\\\/\\\/fam.al\\\/wp-content\\\/uploads\\\/2024\\\/12\\\/cropped-Receipt-Logo.png\",\"contentUrl\":\"https:\\\/\\\/fam.al\\\/wp-content\\\/uploads\\\/2024\\\/12\\\/cropped-Receipt-Logo.png\",\"width\":512,\"height\":512,\"caption\":\"FAM Veritas\"}]}<\/script>\n<meta property=\"product:price:amount\" content=\"35000\" \/>\n<meta property=\"product:price:currency\" content=\"ALL\" \/>\n<meta property=\"og:availability\" content=\"instock\" \/>\n<meta property=\"product:availability\" content=\"instock\" \/>\n<meta property=\"product:condition\" content=\"new\" \/>\n<meta name=\"geo.placename\" content=\"Tiran\u00eb\" \/>\n<meta name=\"geo.position\" content=\"41.3275459;19.8186982\" \/>\n<meta name=\"geo.region\" content=\"Albania\" \/>\n<!-- \/ Yoast SEO Premium plugin. -->","yoast_head_json":{"title":"Amarone della Valpolicella DOCG Gold - FAM","description":"Nj\u00eb ver\u00eb e kuqe luksoze me shije t\u00eb pasura frutash t\u00eb thata, \u00e7okollate t\u00eb err\u00ebt dhe er\u00ebzash.","robots":{"index":"index","follow":"follow","max-snippet":"max-snippet:-1","max-image-preview":"max-image-preview:large","max-video-preview":"max-video-preview:-1"},"canonical":"https:\/\/fam.al\/al\/produkt\/amarone-della-valpolicella-docg-gold\/","og_locale":"sq_AL","og_type":"article","og_title":"Amarone della Valpolicella DOCG Gold","og_description":"A luxurious red wine with rich flavors of dried fruits, dark chocolate, and spices. It\u2019s perfect for pairing with hearty dishes such as roasted meats and aged cheeses.","og_url":"https:\/\/fam.al\/al\/produkt\/amarone-della-valpolicella-docg-gold\/","og_site_name":"FAM","article_modified_time":"2025-04-01T08:15:36+00:00","og_image":[{"width":840,"height":1335,"url":"https:\/\/fam.al\/wp-content\/uploads\/2024\/12\/Amarone-della-Valpolicella-DOCG-Gold.png","type":"image\/png"}],"twitter_card":"summary_large_image","twitter_misc":{"Price":"35000&nbsp;L","Availability":"In stock"},"schema":{"@context":"https:\/\/schema.org","@graph":[{"@type":"WebPage","@id":"https:\/\/fam.al\/product\/amarone-della-valpolicella-docg-gold\/","url":"https:\/\/fam.al\/product\/amarone-della-valpolicella-docg-gold\/","name":"Amarone della Valpolicella DOCG Gold - FAM","isPartOf":{"@id":"https:\/\/fam.al\/al\/#website"},"primaryImageOfPage":{"@id":"https:\/\/fam.al\/product\/amarone-della-valpolicella-docg-gold\/#primaryimage"},"image":{"@id":"https:\/\/fam.al\/product\/amarone-della-valpolicella-docg-gold\/#primaryimage"},"thumbnailUrl":"https:\/\/fam.al\/wp-content\/uploads\/2024\/12\/Amarone-della-Valpolicella-DOCG-Gold.png","datePublished":"2024-12-17T21:03:09+00:00","dateModified":"2025-04-01T08:15:36+00:00","description":"Nj\u00eb ver\u00eb e kuqe luksoze me shije t\u00eb pasura frutash t\u00eb thata, \u00e7okollate t\u00eb err\u00ebt dhe er\u00ebzash.","breadcrumb":{"@id":"https:\/\/fam.al\/product\/amarone-della-valpolicella-docg-gold\/#breadcrumb"},"inLanguage":"sq","potentialAction":[{"@type":"ReadAction","target":["https:\/\/fam.al\/product\/amarone-della-valpolicella-docg-gold\/"]}]},{"@type":"ImageObject","inLanguage":"sq","@id":"https:\/\/fam.al\/product\/amarone-della-valpolicella-docg-gold\/#primaryimage","url":"https:\/\/fam.al\/wp-content\/uploads\/2024\/12\/Amarone-della-Valpolicella-DOCG-Gold.png","contentUrl":"https:\/\/fam.al\/wp-content\/uploads\/2024\/12\/Amarone-della-Valpolicella-DOCG-Gold.png","width":840,"height":1335,"caption":"Amarone della Valpolicella DOCG Gold"},{"@type":"BreadcrumbList","@id":"https:\/\/fam.al\/product\/amarone-della-valpolicella-docg-gold\/#breadcrumb","itemListElement":[{"@type":"ListItem","position":1,"name":"Home","item":"https:\/\/fam.al\/"},{"@type":"ListItem","position":2,"name":"Wines","item":"https:\/\/fam.al\/wines\/"},{"@type":"ListItem","position":3,"name":"Amarone della Valpolicella DOCG Gold"}]},{"@type":"WebSite","@id":"https:\/\/fam.al\/al\/#website","url":"https:\/\/fam.al\/al\/","name":"FAM","description":"In Vino Veritas","publisher":{"@id":"https:\/\/fam.al\/al\/#organization"},"potentialAction":[{"@type":"SearchAction","target":{"@type":"EntryPoint","urlTemplate":"https:\/\/fam.al\/al\/?s={search_term_string}"},"query-input":{"@type":"PropertyValueSpecification","valueRequired":true,"valueName":"search_term_string"}}],"inLanguage":"sq"},{"@type":["Organization","Place"],"@id":"https:\/\/fam.al\/al\/#organization","name":"FAM Veritas","url":"https:\/\/fam.al\/al\/","logo":{"@id":"https:\/\/fam.al\/product\/amarone-della-valpolicella-docg-gold\/#local-main-organization-logo"},"image":{"@id":"https:\/\/fam.al\/product\/amarone-della-valpolicella-docg-gold\/#local-main-organization-logo"},"sameAs":["https:\/\/www.instagram.com\/famveritas\/"],"address":{"@id":"https:\/\/fam.al\/product\/amarone-della-valpolicella-docg-gold\/#local-main-place-address"},"geo":{"@type":"GeoCoordinates","latitude":"41.3275459","longitude":"19.8186982"},"telephone":[],"contactPoint":{"@type":"ContactPoint","telephone":"+355685654444","email":"contact@fam.al"},"openingHoursSpecification":[{"@type":"OpeningHoursSpecification","dayOfWeek":["Monday","Tuesday","Wednesday","Thursday","Friday","Saturday","Sunday"],"opens":"09:00","closes":"17:00"}]},{"@type":"PostalAddress","@id":"https:\/\/fam.al\/product\/amarone-della-valpolicella-docg-gold\/#local-main-place-address","streetAddress":"Feizi Himzi Street, Astir","addressLocality":"Tiran\u00eb","postalCode":"1001","addressCountry":"AL"},{"@type":"ImageObject","inLanguage":"sq","@id":"https:\/\/fam.al\/product\/amarone-della-valpolicella-docg-gold\/#local-main-organization-logo","url":"https:\/\/fam.al\/wp-content\/uploads\/2024\/12\/cropped-Receipt-Logo.png","contentUrl":"https:\/\/fam.al\/wp-content\/uploads\/2024\/12\/cropped-Receipt-Logo.png","width":512,"height":512,"caption":"FAM Veritas"}]},"product_price_amount":"35000","product_price_currency":"ALL","og_availability":"instock","product_availability":"instock","product_condition":"new","geo.placename":"Tiran\u00eb","geo.position":{"lat":"41.3275459","long":"19.8186982"},"geo.region":"Albania"},"_links":{"self":[{"href":"https:\/\/fam.al\/al\/wp-json\/wp\/v2\/product\/3256","targetHints":{"allow":["GET"]}}],"collection":[{"href":"https:\/\/fam.al\/al\/wp-json\/wp\/v2\/product"}],"about":[{"href":"https:\/\/fam.al\/al\/wp-json\/wp\/v2\/types\/product"}],"wp:featuredmedia":[{"embeddable":true,"href":"https:\/\/fam.al\/al\/wp-json\/wp\/v2\/media\/3627"}],"wp:attachment":[{"href":"https:\/\/fam.al\/al\/wp-json\/wp\/v2\/media?parent=3256"}],"wp:term":[{"taxonomy":"product_brand","embeddable":true,"href":"https:\/\/fam.al\/al\/wp-json\/wp\/v2\/product_brand?post=3256"},{"taxonomy":"product_cat","embeddable":true,"href":"https:\/\/fam.al\/al\/wp-json\/wp\/v2\/product_cat?post=3256"},{"taxonomy":"product_tag","embeddable":true,"href":"https:\/\/fam.al\/al\/wp-json\/wp\/v2\/product_tag?post=3256"}],"curies":[{"name":"wp","href":"https:\/\/api.w.org\/{rel}","templated":true}]}}