{"id":3,"date":"2024-11-01T11:40:56","date_gmt":"2024-11-01T11:40:56","guid":{"rendered":"https:\/\/fam.al\/?page_id=3"},"modified":"2025-03-25T18:46:13","modified_gmt":"2025-03-25T17:46:13","slug":"privacy-policy","status":"publish","type":"page","link":"https:\/\/fam.al\/al\/privacy-policy\/","title":{"rendered":"Politika e privat\u00ebsis\u00eb"},"content":{"rendered":"<div class=\"wpb-content-wrapper\"><div class=\"vc_row wpb_row vc_row-fluid\"><div class=\"wpb_column vc_column_container vc_col-sm-12\"><div class=\"vc_column-inner\"><div class=\"wpb_wrapper\">\n\t<div class=\"wpb_text_column wpb_content_element\" >\n\t\t<div class=\"wpb_wrapper\">\n\t\t\t<h2 class=\"wp-block-heading\">P\u00ebrshtypje<\/h2>\n<p>Kur vizitor\u00ebt l\u00ebn\u00eb komente n\u00eb faqen e internetit, ne mbledhim t\u00eb dh\u00ebnat e paraqitura n\u00eb formularin e komenteve, si dhe adres\u00ebn IP t\u00eb vizitorit dhe vargun e agjentit t\u00eb p\u00ebrdoruesit t\u00eb shfletuesit p\u00ebr t\u00eb ndihmuar n\u00eb zbulimin e post\u00ebs s\u00eb pad\u00ebshiruar.<\/p>\n<p><!-- \/wp:post-content --><br \/><!-- wp:paragraph -->Nj\u00eb string anonim i krijuar nga adresa juaj e emailit (i quajtur edhe hash) mund t'i ofrohet sh\u00ebrbimit Gravatar p\u00ebr t\u00eb par\u00eb n\u00ebse po e p\u00ebrdorni. Politika e privat\u00ebsis\u00eb s\u00eb sh\u00ebrbimit Gravatar \u00ebsht\u00eb e disponueshme k\u00ebtu: https:\/\/automattic.com\/privacy\/. Pas miratimit t\u00eb komentit tuaj, fotografia juaj e profilit \u00ebsht\u00eb e dukshme p\u00ebr publikun n\u00eb kontekstin e komentit tuaj.<\/p>\n<p><!-- \/wp:paragraph --><\/p>\n<p>&nbsp;<\/p>\n<p><!-- wp:heading --><\/p>\n<h2 class=\"wp-block-heading\">Media<\/h2>\n<p><!-- \/wp:heading --><br \/>N\u00ebse ngarkoni imazhe n\u00eb faqen e internetit, duhet t\u00eb shmangni ngarkimin e imazheve me t\u00eb dh\u00ebna t\u00eb ngulitura t\u00eb vendndodhjes (EXIF GPS). Vizitor\u00ebt e faqes n\u00eb internet mund t\u00eb shkarkojn\u00eb dhe nxjerrin \u00e7do t\u00eb dh\u00ebn\u00eb vendndodhjeje nga imazhet n\u00eb faqen e internetit.<\/p>\n<p><!-- \/wp:paragraph --><\/p>\n<p>&nbsp;<\/p>\n<p><!-- wp:heading --><\/p>\n<h2 class=\"wp-block-heading\">Cookie-t<\/h2>\n<p><!-- \/wp:heading --><br \/>N\u00ebse lini nj\u00eb koment n\u00eb faqen ton\u00eb, ju mund t\u00eb zgjidhni t\u00eb ruani emrin, adres\u00ebn e emailit dhe faqen tuaj te internetit n\u00eb cookies. K\u00ebto jan\u00eb p\u00ebr leht\u00ebsin\u00eb tuaj, n\u00eb m\u00ebnyr\u00eb q\u00eb t\u00eb mos keni nevoj\u00eb t\u00eb plot\u00ebsoni p\u00ebrs\u00ebri t\u00eb dh\u00ebnat tuaja kur t\u00eb lini nj\u00eb koment tjet\u00ebr. K\u00ebto cookie do t\u00eb zgjasin p\u00ebr nj\u00eb vit.<\/p>\n<p><!-- \/wp:paragraph --><br \/><!-- wp:paragraph -->N\u00ebse vizitoni faqen ton\u00eb t\u00eb identifikimit, ne do t\u00eb vendosim nj\u00eb cookie t\u00eb p\u00ebrkohshme p\u00ebr t\u00eb p\u00ebrcaktuar n\u00ebse shfletuesi juaj pranon cookie. Kjo cookie nuk p\u00ebrmban t\u00eb dh\u00ebna personale dhe fshihet kur mbyllni browser-in tuaj.<\/p>\n<p><!-- \/wp:paragraph --><br \/><!-- wp:paragraph -->Kur t\u00eb identifikoheni, ne do t\u00eb konfigurojm\u00eb gjithashtu disa skedar\u00eb cookie p\u00ebr t\u00eb ruajtur informacionin tuaj t\u00eb hyrjes dhe zgjedhjet e ekranit tuaj. Cookie-t e hyrjes zgjasin dy dit\u00eb, dhe skedar\u00ebt e opsioneve t\u00eb ekranit zgjasin nj\u00eb vit. N\u00ebse zgjidhni \"M\u00eb mbaj mend\", identifikimi juaj do t\u00eb vazhdoj\u00eb p\u00ebr dy jav\u00eb. N\u00ebse dilni nga llogaria juaj, skedar\u00ebt e identifikimit do t\u00eb hiqen.<\/p>\n<p><!-- \/wp:paragraph --><br \/><!-- wp:paragraph -->N\u00ebse redaktoni ose publikoni nj\u00eb artikull, nj\u00eb cookie shtes\u00eb do t\u00eb ruhet n\u00eb shfletuesin tuaj. Kjo cookie nuk p\u00ebrfshin t\u00eb dh\u00ebna personale dhe thjesht tregon ID-n\u00eb e postimit t\u00eb artikullit q\u00eb sapo keni redaktuar. Skadon pas 1 dite.<\/p>\n<p><!-- \/wp:paragraph --><\/p>\n<p>&nbsp;<\/p>\n<p><!-- wp:heading --><\/p>\n<h2 class=\"wp-block-heading\">P\u00ebrmbajtje e integruar nga faqet e tjera t\u00eb internetit<\/h2>\n<p><!-- \/wp:heading --><br \/>Artikujt n\u00eb k\u00ebt\u00eb faqe mund t\u00eb p\u00ebrfshijn\u00eb p\u00ebrmbajtje t\u00eb integruar (p.sh. video, imazhe, artikuj, etj.). P\u00ebrmbajtja e integruar nga faqet e tjera t\u00eb internetit sillet n\u00eb t\u00eb nj\u00ebjt\u00ebn m\u00ebnyr\u00eb sikur vizitori t\u00eb ket\u00eb vizituar faqen tjet\u00ebr t\u00eb internetit.<\/p>\n<p><!-- \/wp:paragraph --><br \/><!-- wp:paragraph -->K\u00ebto faqe interneti mund t\u00eb mbledhin t\u00eb dh\u00ebna p\u00ebr ju, t\u00eb p\u00ebrdorin skedar\u00eb kuki, t\u00eb ngulitin gjurmime shtes\u00eb t\u00eb pal\u00ebve t\u00eb treta dhe t\u00eb monitorojn\u00eb nd\u00ebrveprimin tuaj me at\u00eb p\u00ebrmbajtje t\u00eb integruar, duke p\u00ebrfshir\u00eb ndjekjen e nd\u00ebrveprimit tuaj me p\u00ebrmbajtjen e integruar n\u00ebse keni nj\u00eb llogari dhe jeni identifikuar n\u00eb at\u00eb faqe interneti.<\/p>\n<p><!-- \/wp:paragraph --><\/p>\n<p>&nbsp;<\/p>\n<p><!-- wp:heading --><\/p>\n<h2 class=\"wp-block-heading\">Me k\u00eb i ndajm\u00eb t\u00eb dh\u00ebnat tuaja<\/h2>\n<p><!-- \/wp:heading --><br \/>N\u00ebse k\u00ebrkoni nj\u00eb ndryshim t\u00eb fjal\u00ebkalimit, adresa juaj IP do t\u00eb p\u00ebrfshihet n\u00eb emailin e rivendosur.<\/p>\n<p><!-- \/wp:paragraph --><\/p>\n<p>&nbsp;<\/p>\n<p><!-- wp:heading --><\/p>\n<h2 class=\"wp-block-heading\">P\u00ebr sa koh\u00eb i ruajm\u00eb t\u00eb dh\u00ebnat tuaja<\/h2>\n<p><!-- \/wp:heading --><br \/>N\u00ebse lini nj\u00eb koment, komenti dhe meta t\u00eb dh\u00ebnat e tij mbahen p\u00ebr nj\u00eb koh\u00eb t\u00eb pacaktuar. Kjo \u00ebsht\u00eb k\u00ebshtu q\u00eb ne mund t\u00eb njohim dhe miratojm\u00eb \u00e7do koment pasues automatikisht n\u00eb vend q\u00eb t&#039;i mbajm\u00eb n\u00eb nj\u00eb radh\u00eb moderimi.<\/p>\n<p><!-- \/wp:paragraph --><br \/><!-- wp:paragraph -->P\u00ebr p\u00ebrdoruesit q\u00eb regjistrohen n\u00eb faqen ton\u00eb t\u00eb internetit (n\u00ebse ka), ne ruajm\u00eb gjithashtu informacionin personal q\u00eb ata japin n\u00eb profilin e tyre t\u00eb p\u00ebrdoruesit. T\u00eb gjith\u00eb p\u00ebrdoruesit mund t\u00eb shohin, modifikojn\u00eb ose fshijn\u00eb informacionin e tyre personal n\u00eb \u00e7do koh\u00eb (p\u00ebrve\u00e7 q\u00eb nuk mund t\u00eb ndryshojn\u00eb emrin e p\u00ebrdoruesit). Administrator\u00ebt e faqes n\u00eb internet gjithashtu mund ta shohin dhe modifikojn\u00eb at\u00eb informacion.<\/p>\n<p><!-- \/wp:paragraph --><\/p>\n<p>&nbsp;<\/p>\n<p><!-- wp:heading --><\/p>\n<h2 class=\"wp-block-heading\">\u00c7far\u00eb t\u00eb drejtash keni mbi t\u00eb dh\u00ebnat tuaja<\/h2>\n<p><!-- \/wp:heading --><br \/>N\u00ebse keni nj\u00eb llogari n\u00eb k\u00ebt\u00eb faqe, ose keni l\u00ebn\u00eb komente, mund t\u00eb k\u00ebrkoni t\u00eb merrni nj\u00eb skedar t\u00eb eksportuar t\u00eb t\u00eb dh\u00ebnave personale q\u00eb mbajm\u00eb p\u00ebr ju, duke p\u00ebrfshir\u00eb \u00e7do t\u00eb dh\u00ebn\u00eb q\u00eb na keni dh\u00ebn\u00eb. Ju gjithashtu mund t\u00eb k\u00ebrkoni q\u00eb ne t\u00eb fshijm\u00eb \u00e7do t\u00eb dh\u00ebn\u00eb personale q\u00eb mbajm\u00eb p\u00ebr ju. Kjo nuk p\u00ebrfshin asnj\u00eb t\u00eb dh\u00ebn\u00eb q\u00eb ne jemi t\u00eb detyruar t\u00eb mbajm\u00eb p\u00ebr q\u00ebllime administrative, ligjore ose sigurie.<\/p>\n<p><!-- \/wp:paragraph --><\/p>\n<p>&nbsp;<\/p>\n<p><!-- wp:heading --><\/p>\n<h2 class=\"wp-block-heading\">Ku d\u00ebrgohen t\u00eb dh\u00ebnat tuaja<\/h2>\n<p><!-- \/wp:heading --><br \/>Komentet e vizitor\u00ebve mund t\u00eb kontrollohen p\u00ebrmes nj\u00eb sh\u00ebrbimi t\u00eb automatizuar t\u00eb zbulimit t\u00eb spamit.<\/p>\n<p><!-- \/wp:paragraph --><\/p>\n\n\t\t<\/div>\n\t<\/div>\n<\/div><\/div><\/div><\/div><\/div>","protected":false},"excerpt":{"rendered":"Reviews When visitors leave comments on the website, we collect the data submitted in the comment form, as well as the visitor's IP address and browser user agent string to help detect spam. An anonymized string created from your email address (also called a hash) may be provided to the Gravatar service to see if<br class=\"read-more-spacer\"> <a class=\"more-link\" href=\"https:\/\/fam.al\/al\/privacy-policy\/\">Read More<\/a>","protected":false},"author":1,"featured_media":0,"parent":0,"menu_order":0,"comment_status":"closed","ping_status":"open","template":"","meta":{"_acf_changed":false,"footnotes":""},"class_list":["post-3","page","type-page","status-publish","hentry"],"acf":[],"yoast_head":"<!-- This site is optimized with the Yoast SEO Premium plugin v27.0 (Yoast SEO v27.3) - https:\/\/yoast.com\/product\/yoast-seo-premium-wordpress\/ -->\n<title>Privacy Policy - FAM<\/title>\n<meta name=\"description\" content=\"Read our privacy policy to understand how we collect, use, and protect your personal information. Your privacy is important to us.\" \/>\n<meta name=\"robots\" content=\"index, follow, max-snippet:-1, max-image-preview:large, max-video-preview:-1\" \/>\n<link rel=\"canonical\" href=\"https:\/\/fam.al\/al\/privacy-policy\/\" \/>\n<meta property=\"og:locale\" content=\"sq_AL\" \/>\n<meta property=\"og:type\" content=\"article\" \/>\n<meta property=\"og:title\" content=\"Privacy Policy\" \/>\n<meta property=\"og:description\" content=\"Read our privacy policy to understand how we collect, use, and protect your personal information. Your privacy is important to us.\" \/>\n<meta property=\"og:url\" content=\"https:\/\/fam.al\/al\/privacy-policy\/\" \/>\n<meta property=\"og:site_name\" content=\"FAM\" \/>\n<meta property=\"article:modified_time\" content=\"2025-03-25T17:46:13+00:00\" \/>\n<meta name=\"twitter:card\" content=\"summary_large_image\" \/>\n<meta name=\"twitter:label1\" content=\"Est. reading time\" \/>\n\t<meta name=\"twitter:data1\" content=\"3 minuta\" \/>\n<script type=\"application\/ld+json\" class=\"yoast-schema-graph\">{\"@context\":\"https:\\\/\\\/schema.org\",\"@graph\":[{\"@type\":\"WebPage\",\"@id\":\"https:\\\/\\\/fam.al\\\/privacy-policy\\\/\",\"url\":\"https:\\\/\\\/fam.al\\\/privacy-policy\\\/\",\"name\":\"Privacy Policy - FAM\",\"isPartOf\":{\"@id\":\"https:\\\/\\\/fam.al\\\/al\\\/#website\"},\"datePublished\":\"2024-11-01T11:40:56+00:00\",\"dateModified\":\"2025-03-25T17:46:13+00:00\",\"description\":\"Read our privacy policy to understand how we collect, use, and protect your personal information. Your privacy is important to us.\",\"breadcrumb\":{\"@id\":\"https:\\\/\\\/fam.al\\\/privacy-policy\\\/#breadcrumb\"},\"inLanguage\":\"sq\",\"potentialAction\":[{\"@type\":\"ReadAction\",\"target\":[\"https:\\\/\\\/fam.al\\\/privacy-policy\\\/\"]}]},{\"@type\":\"BreadcrumbList\",\"@id\":\"https:\\\/\\\/fam.al\\\/privacy-policy\\\/#breadcrumb\",\"itemListElement\":[{\"@type\":\"ListItem\",\"position\":1,\"name\":\"Home\",\"item\":\"https:\\\/\\\/fam.al\\\/\"},{\"@type\":\"ListItem\",\"position\":2,\"name\":\"Privacy Policy\"}]},{\"@type\":\"WebSite\",\"@id\":\"https:\\\/\\\/fam.al\\\/al\\\/#website\",\"url\":\"https:\\\/\\\/fam.al\\\/al\\\/\",\"name\":\"FAM\",\"description\":\"In Vino Veritas\",\"publisher\":{\"@id\":\"https:\\\/\\\/fam.al\\\/al\\\/#organization\"},\"potentialAction\":[{\"@type\":\"SearchAction\",\"target\":{\"@type\":\"EntryPoint\",\"urlTemplate\":\"https:\\\/\\\/fam.al\\\/al\\\/?s={search_term_string}\"},\"query-input\":{\"@type\":\"PropertyValueSpecification\",\"valueRequired\":true,\"valueName\":\"search_term_string\"}}],\"inLanguage\":\"sq\"},{\"@type\":[\"Organization\",\"Place\"],\"@id\":\"https:\\\/\\\/fam.al\\\/al\\\/#organization\",\"name\":\"FAM Veritas\",\"url\":\"https:\\\/\\\/fam.al\\\/al\\\/\",\"logo\":{\"@id\":\"https:\\\/\\\/fam.al\\\/privacy-policy\\\/#local-main-organization-logo\"},\"image\":{\"@id\":\"https:\\\/\\\/fam.al\\\/privacy-policy\\\/#local-main-organization-logo\"},\"sameAs\":[\"https:\\\/\\\/www.instagram.com\\\/famveritas\\\/\"],\"address\":{\"@id\":\"https:\\\/\\\/fam.al\\\/privacy-policy\\\/#local-main-place-address\"},\"geo\":{\"@type\":\"GeoCoordinates\",\"latitude\":\"41.3275459\",\"longitude\":\"19.8186982\"},\"telephone\":[],\"contactPoint\":{\"@type\":\"ContactPoint\",\"telephone\":\"+355685654444\",\"email\":\"contact@fam.al\"},\"openingHoursSpecification\":[{\"@type\":\"OpeningHoursSpecification\",\"dayOfWeek\":[\"Monday\",\"Tuesday\",\"Wednesday\",\"Thursday\",\"Friday\",\"Saturday\",\"Sunday\"],\"opens\":\"09:00\",\"closes\":\"17:00\"}]},{\"@type\":\"PostalAddress\",\"@id\":\"https:\\\/\\\/fam.al\\\/privacy-policy\\\/#local-main-place-address\",\"streetAddress\":\"Feizi Himzi Street, Astir\",\"addressLocality\":\"Tiran\u00eb\",\"postalCode\":\"1001\",\"addressCountry\":\"AL\"},{\"@type\":\"ImageObject\",\"inLanguage\":\"sq\",\"@id\":\"https:\\\/\\\/fam.al\\\/privacy-policy\\\/#local-main-organization-logo\",\"url\":\"https:\\\/\\\/fam.al\\\/wp-content\\\/uploads\\\/2024\\\/12\\\/cropped-Receipt-Logo.png\",\"contentUrl\":\"https:\\\/\\\/fam.al\\\/wp-content\\\/uploads\\\/2024\\\/12\\\/cropped-Receipt-Logo.png\",\"width\":512,\"height\":512,\"caption\":\"FAM Veritas\"}]}<\/script>\n<meta name=\"geo.placename\" content=\"Tiran\u00eb\" \/>\n<meta name=\"geo.position\" content=\"41.3275459;19.8186982\" \/>\n<meta name=\"geo.region\" content=\"Albania\" \/>\n<!-- \/ Yoast SEO Premium plugin. -->","yoast_head_json":{"title":"Privacy Policy - FAM","description":"Lexoni politik\u00ebn ton\u00eb t\u00eb privat\u00ebsis\u00eb p\u00ebr t\u00eb kuptuar si mblidhen, p\u00ebrdoren dhe mbrohen informacionet tuaja personale. Privat\u00ebsia juaj \u00ebsht\u00eb e r\u00ebnd\u00ebsishme p\u00ebr ne.","robots":{"index":"index","follow":"follow","max-snippet":"max-snippet:-1","max-image-preview":"max-image-preview:large","max-video-preview":"max-video-preview:-1"},"canonical":"https:\/\/fam.al\/al\/privacy-policy\/","og_locale":"sq_AL","og_type":"article","og_title":"Privacy Policy","og_description":"Read our privacy policy to understand how we collect, use, and protect your personal information. Your privacy is important to us.","og_url":"https:\/\/fam.al\/al\/privacy-policy\/","og_site_name":"FAM","article_modified_time":"2025-03-25T17:46:13+00:00","twitter_card":"summary_large_image","twitter_misc":{"Est. reading time":"3 minuta"},"schema":{"@context":"https:\/\/schema.org","@graph":[{"@type":"WebPage","@id":"https:\/\/fam.al\/privacy-policy\/","url":"https:\/\/fam.al\/privacy-policy\/","name":"Privacy Policy - FAM","isPartOf":{"@id":"https:\/\/fam.al\/al\/#website"},"datePublished":"2024-11-01T11:40:56+00:00","dateModified":"2025-03-25T17:46:13+00:00","description":"Lexoni politik\u00ebn ton\u00eb t\u00eb privat\u00ebsis\u00eb p\u00ebr t\u00eb kuptuar si mblidhen, p\u00ebrdoren dhe mbrohen informacionet tuaja personale. Privat\u00ebsia juaj \u00ebsht\u00eb e r\u00ebnd\u00ebsishme p\u00ebr ne.","breadcrumb":{"@id":"https:\/\/fam.al\/privacy-policy\/#breadcrumb"},"inLanguage":"sq","potentialAction":[{"@type":"ReadAction","target":["https:\/\/fam.al\/privacy-policy\/"]}]},{"@type":"BreadcrumbList","@id":"https:\/\/fam.al\/privacy-policy\/#breadcrumb","itemListElement":[{"@type":"ListItem","position":1,"name":"Home","item":"https:\/\/fam.al\/"},{"@type":"ListItem","position":2,"name":"Privacy Policy"}]},{"@type":"WebSite","@id":"https:\/\/fam.al\/al\/#website","url":"https:\/\/fam.al\/al\/","name":"FAM","description":"In Vino Veritas","publisher":{"@id":"https:\/\/fam.al\/al\/#organization"},"potentialAction":[{"@type":"SearchAction","target":{"@type":"EntryPoint","urlTemplate":"https:\/\/fam.al\/al\/?s={search_term_string}"},"query-input":{"@type":"PropertyValueSpecification","valueRequired":true,"valueName":"search_term_string"}}],"inLanguage":"sq"},{"@type":["Organization","Place"],"@id":"https:\/\/fam.al\/al\/#organization","name":"FAM Veritas","url":"https:\/\/fam.al\/al\/","logo":{"@id":"https:\/\/fam.al\/privacy-policy\/#local-main-organization-logo"},"image":{"@id":"https:\/\/fam.al\/privacy-policy\/#local-main-organization-logo"},"sameAs":["https:\/\/www.instagram.com\/famveritas\/"],"address":{"@id":"https:\/\/fam.al\/privacy-policy\/#local-main-place-address"},"geo":{"@type":"GeoCoordinates","latitude":"41.3275459","longitude":"19.8186982"},"telephone":[],"contactPoint":{"@type":"ContactPoint","telephone":"+355685654444","email":"contact@fam.al"},"openingHoursSpecification":[{"@type":"OpeningHoursSpecification","dayOfWeek":["Monday","Tuesday","Wednesday","Thursday","Friday","Saturday","Sunday"],"opens":"09:00","closes":"17:00"}]},{"@type":"PostalAddress","@id":"https:\/\/fam.al\/privacy-policy\/#local-main-place-address","streetAddress":"Feizi Himzi Street, Astir","addressLocality":"Tiran\u00eb","postalCode":"1001","addressCountry":"AL"},{"@type":"ImageObject","inLanguage":"sq","@id":"https:\/\/fam.al\/privacy-policy\/#local-main-organization-logo","url":"https:\/\/fam.al\/wp-content\/uploads\/2024\/12\/cropped-Receipt-Logo.png","contentUrl":"https:\/\/fam.al\/wp-content\/uploads\/2024\/12\/cropped-Receipt-Logo.png","width":512,"height":512,"caption":"FAM Veritas"}]},"geo.placename":"Tiran\u00eb","geo.position":{"lat":"41.3275459","long":"19.8186982"},"geo.region":"Albania"},"_links":{"self":[{"href":"https:\/\/fam.al\/al\/wp-json\/wp\/v2\/pages\/3","targetHints":{"allow":["GET"]}}],"collection":[{"href":"https:\/\/fam.al\/al\/wp-json\/wp\/v2\/pages"}],"about":[{"href":"https:\/\/fam.al\/al\/wp-json\/wp\/v2\/types\/page"}],"author":[{"embeddable":true,"href":"https:\/\/fam.al\/al\/wp-json\/wp\/v2\/users\/1"}],"replies":[{"embeddable":true,"href":"https:\/\/fam.al\/al\/wp-json\/wp\/v2\/comments?post=3"}],"version-history":[{"count":1,"href":"https:\/\/fam.al\/al\/wp-json\/wp\/v2\/pages\/3\/revisions"}],"predecessor-version":[{"id":5756,"href":"https:\/\/fam.al\/al\/wp-json\/wp\/v2\/pages\/3\/revisions\/5756"}],"wp:attachment":[{"href":"https:\/\/fam.al\/al\/wp-json\/wp\/v2\/media?parent=3"}],"curies":[{"name":"wp","href":"https:\/\/api.w.org\/{rel}","templated":true}]}}