{"id":2975,"date":"2016-03-09T13:38:26","date_gmt":"2016-03-09T13:38:26","guid":{"rendered":"https:\/\/okthemes.com\/villenoirdarkdemo\/my-account\/"},"modified":"2025-03-25T18:50:50","modified_gmt":"2025-03-25T17:50:50","slug":"my-account","status":"publish","type":"page","link":"https:\/\/fam.al\/al\/my-account\/","title":{"rendered":"Llogaria ime"},"content":{"rendered":"<div class=\"woocommerce\"><\/div>","protected":false},"excerpt":{"rendered":"","protected":false},"author":1,"featured_media":0,"parent":0,"menu_order":0,"comment_status":"closed","ping_status":"closed","template":"","meta":{"_acf_changed":false,"footnotes":""},"class_list":["post-2975","page","type-page","status-publish","hentry"],"acf":[],"yoast_head":"<!-- This site is optimized with the Yoast SEO Premium plugin v27.0 (Yoast SEO v27.3) - https:\/\/yoast.com\/product\/yoast-seo-premium-wordpress\/ -->\n<title>My Account - FAM<\/title>\n<meta name=\"description\" content=\"Access and manage your account details, order history, and settings. Update your preferences and track your wine purchases in one place.\" \/>\n<meta name=\"robots\" content=\"index, follow, max-snippet:-1, max-image-preview:large, max-video-preview:-1\" \/>\n<link rel=\"canonical\" href=\"https:\/\/fam.al\/al\/my-account\/\" \/>\n<meta property=\"og:locale\" content=\"sq_AL\" \/>\n<meta property=\"og:type\" content=\"article\" \/>\n<meta property=\"og:title\" content=\"My Account\" \/>\n<meta property=\"og:description\" content=\"Access and manage your account details, order history, and settings. Update your preferences and track your wine purchases in one place.\" \/>\n<meta property=\"og:url\" content=\"https:\/\/fam.al\/al\/my-account\/\" \/>\n<meta property=\"og:site_name\" content=\"FAM\" \/>\n<meta property=\"article:modified_time\" content=\"2025-03-25T17:50:50+00:00\" \/>\n<meta name=\"twitter:card\" content=\"summary_large_image\" \/>\n<meta name=\"twitter:label1\" content=\"Est. reading time\" \/>\n\t<meta name=\"twitter:data1\" content=\"1 minut\u00eb\" \/>\n<script type=\"application\/ld+json\" class=\"yoast-schema-graph\">{\"@context\":\"https:\\\/\\\/schema.org\",\"@graph\":[{\"@type\":\"WebPage\",\"@id\":\"https:\\\/\\\/fam.al\\\/my-account\\\/\",\"url\":\"https:\\\/\\\/fam.al\\\/my-account\\\/\",\"name\":\"My Account - FAM\",\"isPartOf\":{\"@id\":\"https:\\\/\\\/fam.al\\\/al\\\/#website\"},\"datePublished\":\"2016-03-09T13:38:26+00:00\",\"dateModified\":\"2025-03-25T17:50:50+00:00\",\"description\":\"Access and manage your account details, order history, and settings. Update your preferences and track your wine purchases in one place.\",\"breadcrumb\":{\"@id\":\"https:\\\/\\\/fam.al\\\/my-account\\\/#breadcrumb\"},\"inLanguage\":\"sq\",\"potentialAction\":[{\"@type\":\"ReadAction\",\"target\":[\"https:\\\/\\\/fam.al\\\/my-account\\\/\"]}]},{\"@type\":\"BreadcrumbList\",\"@id\":\"https:\\\/\\\/fam.al\\\/my-account\\\/#breadcrumb\",\"itemListElement\":[{\"@type\":\"ListItem\",\"position\":1,\"name\":\"Home\",\"item\":\"https:\\\/\\\/fam.al\\\/\"},{\"@type\":\"ListItem\",\"position\":2,\"name\":\"My Account\"}]},{\"@type\":\"WebSite\",\"@id\":\"https:\\\/\\\/fam.al\\\/al\\\/#website\",\"url\":\"https:\\\/\\\/fam.al\\\/al\\\/\",\"name\":\"FAM\",\"description\":\"In Vino Veritas\",\"publisher\":{\"@id\":\"https:\\\/\\\/fam.al\\\/al\\\/#organization\"},\"potentialAction\":[{\"@type\":\"SearchAction\",\"target\":{\"@type\":\"EntryPoint\",\"urlTemplate\":\"https:\\\/\\\/fam.al\\\/al\\\/?s={search_term_string}\"},\"query-input\":{\"@type\":\"PropertyValueSpecification\",\"valueRequired\":true,\"valueName\":\"search_term_string\"}}],\"inLanguage\":\"sq\"},{\"@type\":[\"Organization\",\"Place\"],\"@id\":\"https:\\\/\\\/fam.al\\\/al\\\/#organization\",\"name\":\"FAM Veritas\",\"url\":\"https:\\\/\\\/fam.al\\\/al\\\/\",\"logo\":{\"@id\":\"https:\\\/\\\/fam.al\\\/my-account\\\/#local-main-organization-logo\"},\"image\":{\"@id\":\"https:\\\/\\\/fam.al\\\/my-account\\\/#local-main-organization-logo\"},\"sameAs\":[\"https:\\\/\\\/www.instagram.com\\\/famveritas\\\/\"],\"address\":{\"@id\":\"https:\\\/\\\/fam.al\\\/my-account\\\/#local-main-place-address\"},\"geo\":{\"@type\":\"GeoCoordinates\",\"latitude\":\"41.3275459\",\"longitude\":\"19.8186982\"},\"telephone\":[],\"contactPoint\":{\"@type\":\"ContactPoint\",\"telephone\":\"+355685654444\",\"email\":\"contact@fam.al\"},\"openingHoursSpecification\":[{\"@type\":\"OpeningHoursSpecification\",\"dayOfWeek\":[\"Monday\",\"Tuesday\",\"Wednesday\",\"Thursday\",\"Friday\",\"Saturday\",\"Sunday\"],\"opens\":\"09:00\",\"closes\":\"17:00\"}]},{\"@type\":\"PostalAddress\",\"@id\":\"https:\\\/\\\/fam.al\\\/my-account\\\/#local-main-place-address\",\"streetAddress\":\"Feizi Himzi Street, Astir\",\"addressLocality\":\"Tiran\u00eb\",\"postalCode\":\"1001\",\"addressCountry\":\"AL\"},{\"@type\":\"ImageObject\",\"inLanguage\":\"sq\",\"@id\":\"https:\\\/\\\/fam.al\\\/my-account\\\/#local-main-organization-logo\",\"url\":\"https:\\\/\\\/fam.al\\\/wp-content\\\/uploads\\\/2024\\\/12\\\/cropped-Receipt-Logo.png\",\"contentUrl\":\"https:\\\/\\\/fam.al\\\/wp-content\\\/uploads\\\/2024\\\/12\\\/cropped-Receipt-Logo.png\",\"width\":512,\"height\":512,\"caption\":\"FAM Veritas\"}]}<\/script>\n<meta name=\"geo.placename\" content=\"Tiran\u00eb\" \/>\n<meta name=\"geo.position\" content=\"41.3275459;19.8186982\" \/>\n<meta name=\"geo.region\" content=\"Albania\" \/>\n<!-- \/ Yoast SEO Premium plugin. -->","yoast_head_json":{"title":"My Account - FAM","description":"Aksessoni dhe menaxhoni detajet e llogaris\u00eb tuaj, historikun e porosive dhe cil\u00ebsimet. P\u00ebrdorni preferencat tuaja dhe ndjekni blerjet e ver\u00ebrave n\u00eb nj\u00eb vend.","robots":{"index":"index","follow":"follow","max-snippet":"max-snippet:-1","max-image-preview":"max-image-preview:large","max-video-preview":"max-video-preview:-1"},"canonical":"https:\/\/fam.al\/al\/my-account\/","og_locale":"sq_AL","og_type":"article","og_title":"My Account","og_description":"Access and manage your account details, order history, and settings. Update your preferences and track your wine purchases in one place.","og_url":"https:\/\/fam.al\/al\/my-account\/","og_site_name":"FAM","article_modified_time":"2025-03-25T17:50:50+00:00","twitter_card":"summary_large_image","twitter_misc":{"Est. reading time":"1 minut\u00eb"},"schema":{"@context":"https:\/\/schema.org","@graph":[{"@type":"WebPage","@id":"https:\/\/fam.al\/my-account\/","url":"https:\/\/fam.al\/my-account\/","name":"My Account - FAM","isPartOf":{"@id":"https:\/\/fam.al\/al\/#website"},"datePublished":"2016-03-09T13:38:26+00:00","dateModified":"2025-03-25T17:50:50+00:00","description":"Aksessoni dhe menaxhoni detajet e llogaris\u00eb tuaj, historikun e porosive dhe cil\u00ebsimet. P\u00ebrdorni preferencat tuaja dhe ndjekni blerjet e ver\u00ebrave n\u00eb nj\u00eb vend.","breadcrumb":{"@id":"https:\/\/fam.al\/my-account\/#breadcrumb"},"inLanguage":"sq","potentialAction":[{"@type":"ReadAction","target":["https:\/\/fam.al\/my-account\/"]}]},{"@type":"BreadcrumbList","@id":"https:\/\/fam.al\/my-account\/#breadcrumb","itemListElement":[{"@type":"ListItem","position":1,"name":"Home","item":"https:\/\/fam.al\/"},{"@type":"ListItem","position":2,"name":"My Account"}]},{"@type":"WebSite","@id":"https:\/\/fam.al\/al\/#website","url":"https:\/\/fam.al\/al\/","name":"FAM","description":"In Vino Veritas","publisher":{"@id":"https:\/\/fam.al\/al\/#organization"},"potentialAction":[{"@type":"SearchAction","target":{"@type":"EntryPoint","urlTemplate":"https:\/\/fam.al\/al\/?s={search_term_string}"},"query-input":{"@type":"PropertyValueSpecification","valueRequired":true,"valueName":"search_term_string"}}],"inLanguage":"sq"},{"@type":["Organization","Place"],"@id":"https:\/\/fam.al\/al\/#organization","name":"FAM Veritas","url":"https:\/\/fam.al\/al\/","logo":{"@id":"https:\/\/fam.al\/my-account\/#local-main-organization-logo"},"image":{"@id":"https:\/\/fam.al\/my-account\/#local-main-organization-logo"},"sameAs":["https:\/\/www.instagram.com\/famveritas\/"],"address":{"@id":"https:\/\/fam.al\/my-account\/#local-main-place-address"},"geo":{"@type":"GeoCoordinates","latitude":"41.3275459","longitude":"19.8186982"},"telephone":[],"contactPoint":{"@type":"ContactPoint","telephone":"+355685654444","email":"contact@fam.al"},"openingHoursSpecification":[{"@type":"OpeningHoursSpecification","dayOfWeek":["Monday","Tuesday","Wednesday","Thursday","Friday","Saturday","Sunday"],"opens":"09:00","closes":"17:00"}]},{"@type":"PostalAddress","@id":"https:\/\/fam.al\/my-account\/#local-main-place-address","streetAddress":"Feizi Himzi Street, Astir","addressLocality":"Tiran\u00eb","postalCode":"1001","addressCountry":"AL"},{"@type":"ImageObject","inLanguage":"sq","@id":"https:\/\/fam.al\/my-account\/#local-main-organization-logo","url":"https:\/\/fam.al\/wp-content\/uploads\/2024\/12\/cropped-Receipt-Logo.png","contentUrl":"https:\/\/fam.al\/wp-content\/uploads\/2024\/12\/cropped-Receipt-Logo.png","width":512,"height":512,"caption":"FAM Veritas"}]},"geo.placename":"Tiran\u00eb","geo.position":{"lat":"41.3275459","long":"19.8186982"},"geo.region":"Albania"},"_links":{"self":[{"href":"https:\/\/fam.al\/al\/wp-json\/wp\/v2\/pages\/2975","targetHints":{"allow":["GET"]}}],"collection":[{"href":"https:\/\/fam.al\/al\/wp-json\/wp\/v2\/pages"}],"about":[{"href":"https:\/\/fam.al\/al\/wp-json\/wp\/v2\/types\/page"}],"author":[{"embeddable":true,"href":"https:\/\/fam.al\/al\/wp-json\/wp\/v2\/users\/1"}],"replies":[{"embeddable":true,"href":"https:\/\/fam.al\/al\/wp-json\/wp\/v2\/comments?post=2975"}],"version-history":[{"count":1,"href":"https:\/\/fam.al\/al\/wp-json\/wp\/v2\/pages\/2975\/revisions"}],"predecessor-version":[{"id":5758,"href":"https:\/\/fam.al\/al\/wp-json\/wp\/v2\/pages\/2975\/revisions\/5758"}],"wp:attachment":[{"href":"https:\/\/fam.al\/al\/wp-json\/wp\/v2\/media?parent=2975"}],"curies":[{"name":"wp","href":"https:\/\/api.w.org\/{rel}","templated":true}]}}