{"id":2327,"date":"2024-12-25T12:43:05","date_gmt":"2024-12-25T11:43:05","guid":{"rendered":"https:\/\/okthemes.com\/villenoirdarkdemo\/?page_id=2327"},"modified":"2025-03-25T18:49:12","modified_gmt":"2025-03-25T17:49:12","slug":"terms-conditions","status":"publish","type":"page","link":"https:\/\/fam.al\/al\/terms-conditions\/","title":{"rendered":"Termat dhe Kushtet"},"content":{"rendered":"<div class=\"wpb-content-wrapper\"><div class=\"vc_row wpb_row vc_row-fluid\"><div class=\"wpb_column vc_column_container vc_col-sm-12\"><div class=\"vc_column-inner\"><div class=\"wpb_wrapper\">\n\t<div class=\"wpb_text_column wpb_content_element\" >\n\t\t<div class=\"wpb_wrapper\">\n\t\t\t<p>Mir\u00eb se vini n\u00eb faqen ton\u00eb t\u00eb internetit. N\u00ebse vazhdoni t\u00eb shfletoni dhe p\u00ebrdorni k\u00ebt\u00eb faqe interneti, ju pranoni t\u00eb pajtoheni dhe t\u00eb jeni t\u00eb detyruar nga termat dhe kushtet e m\u00ebposhtme t\u00eb p\u00ebrdorimit, t\u00eb cilat s\u00eb bashku me politik\u00ebn ton\u00eb t\u00eb privat\u00ebsis\u00eb rregullojn\u00eb marr\u00ebdh\u00ebnien e <strong>FAM Veritas<\/strong> me ju n\u00eb lidhje me k\u00ebt\u00eb faqe interneti.<\/p>\n<p>Termi \"<strong>FAM Veritas<\/strong>&#034;ose &#034;<strong>ne<\/strong>\u201d i referohet pronarit t\u00eb faqes n\u00eb internet, zyra e regjistruar e t\u00eb cilit \u00ebsht\u00eb Rruga Feizi Himzi, Astir, Tiran\u00eb 1001, Albania. Termi \u201cju\u201d i referohet p\u00ebrdoruesit ose shikuesit t\u00eb faqes son\u00eb t\u00eb internetit.<\/p>\n<p><strong>Gjeneral<\/strong><br \/>\n1.1 Duke hyr\u00eb ose duke p\u00ebrdorur faqen ton\u00eb t\u00eb internetit, ju pranoni t\u00eb jeni t\u00eb detyruar ligj\u00ebrisht nga k\u00ebto terma dhe kushte pasi ato mund t\u00eb modifikohen dhe postohen her\u00eb pas here n\u00eb faqen ton\u00eb t\u00eb internetit.<br \/>\n1.2 If you do not wish to be bound by these terms and conditions, then you may not use our website.<\/p>\n<p><strong>Pije Alkoolike<\/strong><\/p>\n<p>2.1 Faqja jon\u00eb e internetit ofron pije alkoolike p\u00ebr shitje p\u00ebr klient\u00ebt n\u00eb Shqip\u00ebri.<br \/>\n2.2 T\u00eb gjitha produktet tona i n\u00ebnshtrohen disponueshm\u00ebris\u00eb dhe ne rezervojm\u00eb t\u00eb drejt\u00ebn t\u00eb t\u00ebrheqim \u00e7do produkt nga shitja pa paralajm\u00ebrim.<br \/>\n2.3 T\u00eb gjitha produktet shiten duke iu n\u00ebnshtruar garancis\u00eb s\u00eb prodhuesit, e cila do t\u00eb p\u00ebrfshihet me produktin.<br \/>\n2.4 Ne nuk jemi p\u00ebrgjegj\u00ebs p\u00ebr ndonj\u00eb d\u00ebmtim ose l\u00ebndim t\u00eb shkaktuar nga p\u00ebrdorimi i produkteve tona.<\/p>\n<p><strong>\u00c7mimet dhe pagesa<\/strong><br \/>\n3.1 \u00c7mimet p\u00ebr produktet tona jan\u00eb t\u00eb listuara n\u00eb faqen ton\u00eb t\u00eb internetit dhe mund t\u00eb ndryshojn\u00eb pa paralajm\u00ebrim.<br \/>\n3.2 T\u00eb gjitha pagesat duhet t\u00eb b\u00ebhen n\u00eb monedh\u00ebn e specifikuar n\u00eb faqen ton\u00eb t\u00eb internetit n\u00eb momentin e blerjes.<\/p>\n<p><strong>Dor\u00ebzimi<\/strong><br \/>\n4.1 Ne synojm\u00eb t\u00eb d\u00ebrgojm\u00eb t\u00eb gjitha porosit\u00eb brenda 7 dit\u00ebve t\u00eb pun\u00ebs nga vendosja e porosis\u00eb.<br \/>\n4.2 Koh\u00ebt e dor\u00ebzimit mund t\u00eb ndryshojn\u00eb n\u00eb var\u00ebsi t\u00eb vendit t\u00eb destinacionit.<\/p>\n<p><strong>Pron\u00ebsia intelektuale<\/strong><br \/>\n5.1 P\u00ebrmbajtja e faqes son\u00eb t\u00eb internetit, duke p\u00ebrfshir\u00eb por pa u kufizuar n\u00eb tekst, grafik\u00eb, imazhe, logo dhe softuer, mbrohet nga e drejta e autorit, marka tregtare dhe t\u00eb drejta t\u00eb tjera t\u00eb pron\u00ebsis\u00eb intelektuale.<br \/>\n5.2 Ju nuk mund t\u00eb riprodhoni, modifikoni, shp\u00ebrndani ose shfaqni asnj\u00eb pjes\u00eb t\u00eb faqes son\u00eb t\u00eb internetit pa p\u00eblqimin ton\u00eb paraprak me shkrim.<\/p>\n<p>6.1 Ne nuk do t\u00eb jemi p\u00ebrgjegj\u00ebs p\u00ebr ndonj\u00eb humbje ose d\u00ebmtim t\u00eb t\u00ebrthort\u00eb ose pasues q\u00eb vjen nga p\u00ebrdorimi i faqes son\u00eb t\u00eb internetit ose blerja e produkteve tona.<br \/>\n6.2 P\u00ebrgjegj\u00ebsia jon\u00eb n\u00eb lidhje me \u00e7do produkt t\u00eb bler\u00eb n\u00eb faqen ton\u00eb t\u00eb internetit do t\u00eb kufizohet n\u00eb \u00e7mimin e blerjes s\u00eb atij produkti.<\/p>\n<p><strong>Ligji qeveris\u00ebs<\/strong><br \/>\n7.1 K\u00ebto terma dhe kushte rregullohen dhe interpretohen n\u00eb p\u00ebrputhje me ligjet e Republik\u00ebs s\u00eb Shqip\u00ebris\u00eb.<\/p>\n<p>7.2 \u00c7do mosmarr\u00ebveshje q\u00eb lind nga k\u00ebto terma dhe kushte do t'i n\u00ebnshtrohet juridiksionit ekskluziv t\u00eb gjykatave t\u00eb Republik\u00ebs s\u00eb Shqip\u00ebris\u00eb.<\/p>\n<p>Faleminderit q\u00eb lexuat termat dhe kushtet tona. N\u00ebse keni ndonj\u00eb pyetje, ju lutemi mos hezitoni t\u00eb na kontaktoni.<\/p>\n\n\t\t<\/div>\n\t<\/div>\n<\/div><\/div><\/div><\/div><!-- \/wp:post-content --><\/div>","protected":false},"excerpt":{"rendered":"Welcome to our website. If you continue to browse and use this website, you agree to agree to and be bound by the following terms and conditions of use, which together with our privacy policy govern FAM Veritas relationship with you in relation to this website . The term \u201cFAM Veritas\u201d or \u201cwe\u201d refers to<br class=\"read-more-spacer\"> <a class=\"more-link\" href=\"https:\/\/fam.al\/al\/terms-conditions\/\">Read More<\/a>","protected":false},"author":1,"featured_media":0,"parent":0,"menu_order":0,"comment_status":"closed","ping_status":"closed","template":"","meta":{"_acf_changed":false,"footnotes":""},"class_list":["post-2327","page","type-page","status-publish","hentry"],"acf":[],"yoast_head":"<!-- This site is optimized with the Yoast SEO Premium plugin v27.0 (Yoast SEO v27.3) - https:\/\/yoast.com\/product\/yoast-seo-premium-wordpress\/ -->\n<title>Terms and Conditions - FAM<\/title>\n<meta name=\"description\" content=\"Review our terms and conditions to understand the rules and guidelines for using our website and services.\" \/>\n<meta name=\"robots\" content=\"index, follow, max-snippet:-1, max-image-preview:large, max-video-preview:-1\" \/>\n<link rel=\"canonical\" href=\"https:\/\/fam.al\/al\/terms-conditions\/\" \/>\n<meta property=\"og:locale\" content=\"sq_AL\" \/>\n<meta property=\"og:type\" content=\"article\" \/>\n<meta property=\"og:title\" content=\"Terms and Conditions\" \/>\n<meta property=\"og:description\" content=\"Review our terms and conditions to understand the rules and guidelines for using our website and services.\" \/>\n<meta property=\"og:url\" content=\"https:\/\/fam.al\/al\/terms-conditions\/\" \/>\n<meta property=\"og:site_name\" content=\"FAM\" \/>\n<meta property=\"article:modified_time\" content=\"2025-03-25T17:49:12+00:00\" \/>\n<meta name=\"twitter:card\" content=\"summary_large_image\" \/>\n<meta name=\"twitter:label1\" content=\"Est. reading time\" \/>\n\t<meta name=\"twitter:data1\" content=\"2 minuta\" \/>\n<script type=\"application\/ld+json\" class=\"yoast-schema-graph\">{\"@context\":\"https:\\\/\\\/schema.org\",\"@graph\":[{\"@type\":\"WebPage\",\"@id\":\"https:\\\/\\\/fam.al\\\/terms-conditions\\\/\",\"url\":\"https:\\\/\\\/fam.al\\\/terms-conditions\\\/\",\"name\":\"Terms and Conditions - FAM\",\"isPartOf\":{\"@id\":\"https:\\\/\\\/fam.al\\\/al\\\/#website\"},\"datePublished\":\"2024-12-25T11:43:05+00:00\",\"dateModified\":\"2025-03-25T17:49:12+00:00\",\"description\":\"Review our terms and conditions to understand the rules and guidelines for using our website and services.\",\"breadcrumb\":{\"@id\":\"https:\\\/\\\/fam.al\\\/terms-conditions\\\/#breadcrumb\"},\"inLanguage\":\"sq\",\"potentialAction\":[{\"@type\":\"ReadAction\",\"target\":[\"https:\\\/\\\/fam.al\\\/terms-conditions\\\/\"]}]},{\"@type\":\"BreadcrumbList\",\"@id\":\"https:\\\/\\\/fam.al\\\/terms-conditions\\\/#breadcrumb\",\"itemListElement\":[{\"@type\":\"ListItem\",\"position\":1,\"name\":\"Home\",\"item\":\"https:\\\/\\\/fam.al\\\/\"},{\"@type\":\"ListItem\",\"position\":2,\"name\":\"Terms and Conditions\"}]},{\"@type\":\"WebSite\",\"@id\":\"https:\\\/\\\/fam.al\\\/al\\\/#website\",\"url\":\"https:\\\/\\\/fam.al\\\/al\\\/\",\"name\":\"FAM\",\"description\":\"In Vino Veritas\",\"publisher\":{\"@id\":\"https:\\\/\\\/fam.al\\\/al\\\/#organization\"},\"potentialAction\":[{\"@type\":\"SearchAction\",\"target\":{\"@type\":\"EntryPoint\",\"urlTemplate\":\"https:\\\/\\\/fam.al\\\/al\\\/?s={search_term_string}\"},\"query-input\":{\"@type\":\"PropertyValueSpecification\",\"valueRequired\":true,\"valueName\":\"search_term_string\"}}],\"inLanguage\":\"sq\"},{\"@type\":[\"Organization\",\"Place\"],\"@id\":\"https:\\\/\\\/fam.al\\\/al\\\/#organization\",\"name\":\"FAM Veritas\",\"url\":\"https:\\\/\\\/fam.al\\\/al\\\/\",\"logo\":{\"@id\":\"https:\\\/\\\/fam.al\\\/terms-conditions\\\/#local-main-organization-logo\"},\"image\":{\"@id\":\"https:\\\/\\\/fam.al\\\/terms-conditions\\\/#local-main-organization-logo\"},\"sameAs\":[\"https:\\\/\\\/www.instagram.com\\\/famveritas\\\/\"],\"address\":{\"@id\":\"https:\\\/\\\/fam.al\\\/terms-conditions\\\/#local-main-place-address\"},\"geo\":{\"@type\":\"GeoCoordinates\",\"latitude\":\"41.3275459\",\"longitude\":\"19.8186982\"},\"telephone\":[],\"contactPoint\":{\"@type\":\"ContactPoint\",\"telephone\":\"+355685654444\",\"email\":\"contact@fam.al\"},\"openingHoursSpecification\":[{\"@type\":\"OpeningHoursSpecification\",\"dayOfWeek\":[\"Monday\",\"Tuesday\",\"Wednesday\",\"Thursday\",\"Friday\",\"Saturday\",\"Sunday\"],\"opens\":\"09:00\",\"closes\":\"17:00\"}]},{\"@type\":\"PostalAddress\",\"@id\":\"https:\\\/\\\/fam.al\\\/terms-conditions\\\/#local-main-place-address\",\"streetAddress\":\"Feizi Himzi Street, Astir\",\"addressLocality\":\"Tiran\u00eb\",\"postalCode\":\"1001\",\"addressCountry\":\"AL\"},{\"@type\":\"ImageObject\",\"inLanguage\":\"sq\",\"@id\":\"https:\\\/\\\/fam.al\\\/terms-conditions\\\/#local-main-organization-logo\",\"url\":\"https:\\\/\\\/fam.al\\\/wp-content\\\/uploads\\\/2024\\\/12\\\/cropped-Receipt-Logo.png\",\"contentUrl\":\"https:\\\/\\\/fam.al\\\/wp-content\\\/uploads\\\/2024\\\/12\\\/cropped-Receipt-Logo.png\",\"width\":512,\"height\":512,\"caption\":\"FAM Veritas\"}]}<\/script>\n<meta name=\"geo.placename\" content=\"Tiran\u00eb\" \/>\n<meta name=\"geo.position\" content=\"41.3275459;19.8186982\" \/>\n<meta name=\"geo.region\" content=\"Albania\" \/>\n<!-- \/ Yoast SEO Premium plugin. -->","yoast_head_json":{"title":"Terms and Conditions - FAM","description":"Rishikoni kushtet dhe termat tan\u00eb p\u00ebr t\u00eb kuptuar rregullat dhe udh\u00ebzimet p\u00ebr p\u00ebrdorimin e faqes son\u00eb dhe sh\u00ebrbimeve.","robots":{"index":"index","follow":"follow","max-snippet":"max-snippet:-1","max-image-preview":"max-image-preview:large","max-video-preview":"max-video-preview:-1"},"canonical":"https:\/\/fam.al\/al\/terms-conditions\/","og_locale":"sq_AL","og_type":"article","og_title":"Terms and Conditions","og_description":"Review our terms and conditions to understand the rules and guidelines for using our website and services.","og_url":"https:\/\/fam.al\/al\/terms-conditions\/","og_site_name":"FAM","article_modified_time":"2025-03-25T17:49:12+00:00","twitter_card":"summary_large_image","twitter_misc":{"Est. reading time":"2 minuta"},"schema":{"@context":"https:\/\/schema.org","@graph":[{"@type":"WebPage","@id":"https:\/\/fam.al\/terms-conditions\/","url":"https:\/\/fam.al\/terms-conditions\/","name":"Terms and Conditions - FAM","isPartOf":{"@id":"https:\/\/fam.al\/al\/#website"},"datePublished":"2024-12-25T11:43:05+00:00","dateModified":"2025-03-25T17:49:12+00:00","description":"Rishikoni kushtet dhe termat tan\u00eb p\u00ebr t\u00eb kuptuar rregullat dhe udh\u00ebzimet p\u00ebr p\u00ebrdorimin e faqes son\u00eb dhe sh\u00ebrbimeve.","breadcrumb":{"@id":"https:\/\/fam.al\/terms-conditions\/#breadcrumb"},"inLanguage":"sq","potentialAction":[{"@type":"ReadAction","target":["https:\/\/fam.al\/terms-conditions\/"]}]},{"@type":"BreadcrumbList","@id":"https:\/\/fam.al\/terms-conditions\/#breadcrumb","itemListElement":[{"@type":"ListItem","position":1,"name":"Home","item":"https:\/\/fam.al\/"},{"@type":"ListItem","position":2,"name":"Terms and Conditions"}]},{"@type":"WebSite","@id":"https:\/\/fam.al\/al\/#website","url":"https:\/\/fam.al\/al\/","name":"FAM","description":"In Vino Veritas","publisher":{"@id":"https:\/\/fam.al\/al\/#organization"},"potentialAction":[{"@type":"SearchAction","target":{"@type":"EntryPoint","urlTemplate":"https:\/\/fam.al\/al\/?s={search_term_string}"},"query-input":{"@type":"PropertyValueSpecification","valueRequired":true,"valueName":"search_term_string"}}],"inLanguage":"sq"},{"@type":["Organization","Place"],"@id":"https:\/\/fam.al\/al\/#organization","name":"FAM Veritas","url":"https:\/\/fam.al\/al\/","logo":{"@id":"https:\/\/fam.al\/terms-conditions\/#local-main-organization-logo"},"image":{"@id":"https:\/\/fam.al\/terms-conditions\/#local-main-organization-logo"},"sameAs":["https:\/\/www.instagram.com\/famveritas\/"],"address":{"@id":"https:\/\/fam.al\/terms-conditions\/#local-main-place-address"},"geo":{"@type":"GeoCoordinates","latitude":"41.3275459","longitude":"19.8186982"},"telephone":[],"contactPoint":{"@type":"ContactPoint","telephone":"+355685654444","email":"contact@fam.al"},"openingHoursSpecification":[{"@type":"OpeningHoursSpecification","dayOfWeek":["Monday","Tuesday","Wednesday","Thursday","Friday","Saturday","Sunday"],"opens":"09:00","closes":"17:00"}]},{"@type":"PostalAddress","@id":"https:\/\/fam.al\/terms-conditions\/#local-main-place-address","streetAddress":"Feizi Himzi Street, Astir","addressLocality":"Tiran\u00eb","postalCode":"1001","addressCountry":"AL"},{"@type":"ImageObject","inLanguage":"sq","@id":"https:\/\/fam.al\/terms-conditions\/#local-main-organization-logo","url":"https:\/\/fam.al\/wp-content\/uploads\/2024\/12\/cropped-Receipt-Logo.png","contentUrl":"https:\/\/fam.al\/wp-content\/uploads\/2024\/12\/cropped-Receipt-Logo.png","width":512,"height":512,"caption":"FAM Veritas"}]},"geo.placename":"Tiran\u00eb","geo.position":{"lat":"41.3275459","long":"19.8186982"},"geo.region":"Albania"},"_links":{"self":[{"href":"https:\/\/fam.al\/al\/wp-json\/wp\/v2\/pages\/2327","targetHints":{"allow":["GET"]}}],"collection":[{"href":"https:\/\/fam.al\/al\/wp-json\/wp\/v2\/pages"}],"about":[{"href":"https:\/\/fam.al\/al\/wp-json\/wp\/v2\/types\/page"}],"author":[{"embeddable":true,"href":"https:\/\/fam.al\/al\/wp-json\/wp\/v2\/users\/1"}],"replies":[{"embeddable":true,"href":"https:\/\/fam.al\/al\/wp-json\/wp\/v2\/comments?post=2327"}],"version-history":[{"count":1,"href":"https:\/\/fam.al\/al\/wp-json\/wp\/v2\/pages\/2327\/revisions"}],"predecessor-version":[{"id":5757,"href":"https:\/\/fam.al\/al\/wp-json\/wp\/v2\/pages\/2327\/revisions\/5757"}],"wp:attachment":[{"href":"https:\/\/fam.al\/al\/wp-json\/wp\/v2\/media?parent=2327"}],"curies":[{"name":"wp","href":"https:\/\/api.w.org\/{rel}","templated":true}]}}