{"id":183,"date":"2016-03-10T09:22:08","date_gmt":"2016-03-10T09:22:08","guid":{"rendered":"https:\/\/okthemes.com\/villenoirdarkdemo\/?page_id=183"},"modified":"2025-05-06T14:53:06","modified_gmt":"2025-05-06T12:53:06","slug":"contact","status":"publish","type":"page","link":"https:\/\/fam.al\/al\/contact\/","title":{"rendered":"Kontakt"},"content":{"rendered":"<div class=\"wpb-content-wrapper\"><div data-vc-full-width=\"true\" data-vc-full-width-init=\"false\" class=\"vc_row wpb_row vc_row-fluid vc_custom_1636039870025 vc_row-has-fill\"><div class=\"wpb_column vc_column_container vc_col-sm-6\"><div class=\"vc_column-inner\"><div class=\"wpb_wrapper\">\n\t<div class=\"gg-infobox\" style=\"text-align:left;\">\n\t\t<p class=\"subtitle\" >FAM Veritas<\/p>\n\t\t<div class=\"description\" style=\"color: #ffffff;\"><p>Rruga Feizi Himzi, Astir, Tiran\u00eb 1001, Albania<br \/>\n<a href=\"https:\/\/www.google.com\/maps\/dir\/\/FAM+Veritas\/data=!4m6!4m5!1m1!4e2!1m2!1m1!1s0x135031a131b2f589:0xe63534235fe2d3a5?sa=X&amp;ved=1t:3061&amp;ictx=111\" target=\"_blank\" rel=\"noopener\">Merr Udh\u00ebzime<\/a><\/p>\n<\/div>\n\t<\/div> \n\t<div class=\"gg-infobox\" style=\"text-align:left;\">\n\t\t<p class=\"subtitle\" >na kontaktoni<\/p>\n\t\t<div class=\"description\" style=\"color: #ffffff;\"><p>Email: <a href=\"mailto:info@fam.al\">info@fam.al<\/a><br \/>\nTelefon: <a href=\"tel:+355685654444\">+355 68 565 4444<\/a><\/p>\n<\/div>\n\t<\/div> <\/div><\/div><\/div><div class=\"wpb_column vc_column_container vc_col-sm-6\"><div class=\"vc_column-inner\"><div class=\"wpb_wrapper\"><div class=\"gg-horizontal-list\"><p class=\"subtitle\">Orari<\/p><dl class=\"horizontal\">\n\t<dt style=\"color: #ffffff;\">E H\u00cbN\u00cb - E DIEL<\/dt>\n\t<dd style=\"color: #ffffff;\">07:00 - 23:00<\/dd><\/dl><\/div>\n\t<div class=\"gg-infobox\" style=\"text-align:left;\">\n\t\t<p class=\"subtitle\" >rezervime<\/p>\n\t\t<div class=\"description\" style=\"color: #ffffff;\"><p>Email: <a href=\"mailto:contact@fam.al\">contact@fam.al<\/a><br \/>\nTelefon: <a href=\"tel:+355685654444\">+355 68 565 4444<\/a><\/p>\n<\/div>\n\t<\/div> <\/div><\/div><\/div><\/div><div class=\"vc_row-full-width vc_clearfix\"><\/div><div class=\"vc_row wpb_row vc_row-fluid\"><div class=\"wpb_column vc_column_container vc_col-sm-12\"><div class=\"vc_column-inner\"><div class=\"wpb_wrapper\"><div class=\"wpb_gmaps_widget wpb_content_element\"><div class=\"wpb_wrapper\"><div class=\"wpb_map_wraper\"><iframe style=\"filter: invert(90%) hue-rotate(180deg)\" width=\"600\" height=\"450\" loading=\"lazy\" allowfullscreen src=\"https:\/\/www.google.com\/maps\/embed\/v1\/place?key=AIzaSyBFw0Qbyq9zTFTd-tUY6dZWTgaQzuU17R8&q=fam%20veritas%20tirane&zoom=17&maptype=roadmap\"><\/iframe><\/div><\/div><\/div><\/div><\/div><\/div><\/div>\n<\/div>","protected":false},"excerpt":{"rendered":"FAM Veritas Feizi Himzi Street, Astir, Tiran\u00eb 1001, Albania Get Directions talk to us Email: info@fam.al Phone: +355 68 565 4444 Hours MONDAY - SUNDAY 07:00 - 23:00 reservations Email: contact@fam.al Phone: +355 68 565 4444","protected":false},"author":1,"featured_media":0,"parent":0,"menu_order":0,"comment_status":"closed","ping_status":"closed","template":"theme-templates\/contact.php","meta":{"_acf_changed":false,"footnotes":""},"class_list":["post-183","page","type-page","status-publish","hentry"],"acf":[],"yoast_head":"<!-- This site is optimized with the Yoast SEO Premium plugin v27.0 (Yoast SEO v27.3) - https:\/\/yoast.com\/product\/yoast-seo-premium-wordpress\/ -->\n<title>Contact - FAM<\/title>\n<meta name=\"description\" content=\"Have questions? Get in touch with us for assistance. We&#039;re here to help with your wine orders and inquiries.\" \/>\n<meta name=\"robots\" content=\"index, follow, max-snippet:-1, max-image-preview:large, max-video-preview:-1\" \/>\n<link rel=\"canonical\" href=\"https:\/\/fam.al\/al\/contact\/\" \/>\n<meta property=\"og:locale\" content=\"sq_AL\" \/>\n<meta property=\"og:type\" content=\"article\" \/>\n<meta property=\"og:title\" content=\"Contact\" \/>\n<meta property=\"og:description\" content=\"Have questions? Get in touch with us for assistance. We&#039;re here to help with your wine orders and inquiries.\" \/>\n<meta property=\"og:url\" content=\"https:\/\/fam.al\/al\/contact\/\" \/>\n<meta property=\"og:site_name\" content=\"FAM\" \/>\n<meta property=\"article:modified_time\" content=\"2025-05-06T12:53:06+00:00\" \/>\n<meta name=\"twitter:card\" content=\"summary_large_image\" \/>\n<meta name=\"twitter:label1\" content=\"Est. reading time\" \/>\n\t<meta name=\"twitter:data1\" content=\"1 minut\u00eb\" \/>\n<script type=\"application\/ld+json\" class=\"yoast-schema-graph\">{\"@context\":\"https:\\\/\\\/schema.org\",\"@graph\":[{\"@type\":\"WebPage\",\"@id\":\"https:\\\/\\\/fam.al\\\/contact\\\/\",\"url\":\"https:\\\/\\\/fam.al\\\/contact\\\/\",\"name\":\"Contact - FAM\",\"isPartOf\":{\"@id\":\"https:\\\/\\\/fam.al\\\/al\\\/#website\"},\"datePublished\":\"2016-03-10T09:22:08+00:00\",\"dateModified\":\"2025-05-06T12:53:06+00:00\",\"description\":\"Have questions? Get in touch with us for assistance. We're here to help with your wine orders and inquiries.\",\"breadcrumb\":{\"@id\":\"https:\\\/\\\/fam.al\\\/contact\\\/#breadcrumb\"},\"inLanguage\":\"sq\",\"potentialAction\":[{\"@type\":\"ReadAction\",\"target\":[\"https:\\\/\\\/fam.al\\\/contact\\\/\"]}]},{\"@type\":\"BreadcrumbList\",\"@id\":\"https:\\\/\\\/fam.al\\\/contact\\\/#breadcrumb\",\"itemListElement\":[{\"@type\":\"ListItem\",\"position\":1,\"name\":\"Home\",\"item\":\"https:\\\/\\\/fam.al\\\/\"},{\"@type\":\"ListItem\",\"position\":2,\"name\":\"Contact\"}]},{\"@type\":\"WebSite\",\"@id\":\"https:\\\/\\\/fam.al\\\/al\\\/#website\",\"url\":\"https:\\\/\\\/fam.al\\\/al\\\/\",\"name\":\"FAM\",\"description\":\"In Vino Veritas\",\"publisher\":{\"@id\":\"https:\\\/\\\/fam.al\\\/al\\\/#organization\"},\"potentialAction\":[{\"@type\":\"SearchAction\",\"target\":{\"@type\":\"EntryPoint\",\"urlTemplate\":\"https:\\\/\\\/fam.al\\\/al\\\/?s={search_term_string}\"},\"query-input\":{\"@type\":\"PropertyValueSpecification\",\"valueRequired\":true,\"valueName\":\"search_term_string\"}}],\"inLanguage\":\"sq\"},{\"@type\":[\"Organization\",\"Place\"],\"@id\":\"https:\\\/\\\/fam.al\\\/al\\\/#organization\",\"name\":\"FAM Veritas\",\"url\":\"https:\\\/\\\/fam.al\\\/al\\\/\",\"logo\":{\"@id\":\"https:\\\/\\\/fam.al\\\/contact\\\/#local-main-organization-logo\"},\"image\":{\"@id\":\"https:\\\/\\\/fam.al\\\/contact\\\/#local-main-organization-logo\"},\"sameAs\":[\"https:\\\/\\\/www.instagram.com\\\/famveritas\\\/\"],\"address\":{\"@id\":\"https:\\\/\\\/fam.al\\\/contact\\\/#local-main-place-address\"},\"geo\":{\"@type\":\"GeoCoordinates\",\"latitude\":\"41.3275459\",\"longitude\":\"19.8186982\"},\"telephone\":[],\"contactPoint\":{\"@type\":\"ContactPoint\",\"telephone\":\"+355685654444\",\"email\":\"contact@fam.al\"},\"openingHoursSpecification\":[{\"@type\":\"OpeningHoursSpecification\",\"dayOfWeek\":[\"Monday\",\"Tuesday\",\"Wednesday\",\"Thursday\",\"Friday\",\"Saturday\",\"Sunday\"],\"opens\":\"09:00\",\"closes\":\"17:00\"}]},{\"@type\":\"PostalAddress\",\"@id\":\"https:\\\/\\\/fam.al\\\/contact\\\/#local-main-place-address\",\"streetAddress\":\"Feizi Himzi Street, Astir\",\"addressLocality\":\"Tiran\u00eb\",\"postalCode\":\"1001\",\"addressCountry\":\"AL\"},{\"@type\":\"ImageObject\",\"inLanguage\":\"sq\",\"@id\":\"https:\\\/\\\/fam.al\\\/contact\\\/#local-main-organization-logo\",\"url\":\"https:\\\/\\\/fam.al\\\/wp-content\\\/uploads\\\/2024\\\/12\\\/cropped-Receipt-Logo.png\",\"contentUrl\":\"https:\\\/\\\/fam.al\\\/wp-content\\\/uploads\\\/2024\\\/12\\\/cropped-Receipt-Logo.png\",\"width\":512,\"height\":512,\"caption\":\"FAM Veritas\"}]}<\/script>\n<meta name=\"geo.placename\" content=\"Tiran\u00eb\" \/>\n<meta name=\"geo.position\" content=\"41.3275459;19.8186982\" \/>\n<meta name=\"geo.region\" content=\"Albania\" \/>\n<!-- \/ Yoast SEO Premium plugin. -->","yoast_head_json":{"title":"Contact - FAM","description":"Keni pyetje? Kontaktoni me ne p\u00ebr ndihm\u00eb. Jemi k\u00ebtu p\u00ebr t'ju ndihmuar me porosit\u00eb dhe pyetjet tuaja p\u00ebr ver\u00ebrat.","robots":{"index":"index","follow":"follow","max-snippet":"max-snippet:-1","max-image-preview":"max-image-preview:large","max-video-preview":"max-video-preview:-1"},"canonical":"https:\/\/fam.al\/al\/contact\/","og_locale":"sq_AL","og_type":"article","og_title":"Contact","og_description":"Have questions? Get in touch with us for assistance. We're here to help with your wine orders and inquiries.","og_url":"https:\/\/fam.al\/al\/contact\/","og_site_name":"FAM","article_modified_time":"2025-05-06T12:53:06+00:00","twitter_card":"summary_large_image","twitter_misc":{"Est. reading time":"1 minut\u00eb"},"schema":{"@context":"https:\/\/schema.org","@graph":[{"@type":"WebPage","@id":"https:\/\/fam.al\/contact\/","url":"https:\/\/fam.al\/contact\/","name":"Contact - FAM","isPartOf":{"@id":"https:\/\/fam.al\/al\/#website"},"datePublished":"2016-03-10T09:22:08+00:00","dateModified":"2025-05-06T12:53:06+00:00","description":"Keni pyetje? Kontaktoni me ne p\u00ebr ndihm\u00eb. Jemi k\u00ebtu p\u00ebr t'ju ndihmuar me porosit\u00eb dhe pyetjet tuaja p\u00ebr ver\u00ebrat.","breadcrumb":{"@id":"https:\/\/fam.al\/contact\/#breadcrumb"},"inLanguage":"sq","potentialAction":[{"@type":"ReadAction","target":["https:\/\/fam.al\/contact\/"]}]},{"@type":"BreadcrumbList","@id":"https:\/\/fam.al\/contact\/#breadcrumb","itemListElement":[{"@type":"ListItem","position":1,"name":"Home","item":"https:\/\/fam.al\/"},{"@type":"ListItem","position":2,"name":"Contact"}]},{"@type":"WebSite","@id":"https:\/\/fam.al\/al\/#website","url":"https:\/\/fam.al\/al\/","name":"FAM","description":"In Vino Veritas","publisher":{"@id":"https:\/\/fam.al\/al\/#organization"},"potentialAction":[{"@type":"SearchAction","target":{"@type":"EntryPoint","urlTemplate":"https:\/\/fam.al\/al\/?s={search_term_string}"},"query-input":{"@type":"PropertyValueSpecification","valueRequired":true,"valueName":"search_term_string"}}],"inLanguage":"sq"},{"@type":["Organization","Place"],"@id":"https:\/\/fam.al\/al\/#organization","name":"FAM Veritas","url":"https:\/\/fam.al\/al\/","logo":{"@id":"https:\/\/fam.al\/contact\/#local-main-organization-logo"},"image":{"@id":"https:\/\/fam.al\/contact\/#local-main-organization-logo"},"sameAs":["https:\/\/www.instagram.com\/famveritas\/"],"address":{"@id":"https:\/\/fam.al\/contact\/#local-main-place-address"},"geo":{"@type":"GeoCoordinates","latitude":"41.3275459","longitude":"19.8186982"},"telephone":[],"contactPoint":{"@type":"ContactPoint","telephone":"+355685654444","email":"contact@fam.al"},"openingHoursSpecification":[{"@type":"OpeningHoursSpecification","dayOfWeek":["Monday","Tuesday","Wednesday","Thursday","Friday","Saturday","Sunday"],"opens":"09:00","closes":"17:00"}]},{"@type":"PostalAddress","@id":"https:\/\/fam.al\/contact\/#local-main-place-address","streetAddress":"Feizi Himzi Street, Astir","addressLocality":"Tiran\u00eb","postalCode":"1001","addressCountry":"AL"},{"@type":"ImageObject","inLanguage":"sq","@id":"https:\/\/fam.al\/contact\/#local-main-organization-logo","url":"https:\/\/fam.al\/wp-content\/uploads\/2024\/12\/cropped-Receipt-Logo.png","contentUrl":"https:\/\/fam.al\/wp-content\/uploads\/2024\/12\/cropped-Receipt-Logo.png","width":512,"height":512,"caption":"FAM Veritas"}]},"geo.placename":"Tiran\u00eb","geo.position":{"lat":"41.3275459","long":"19.8186982"},"geo.region":"Albania"},"_links":{"self":[{"href":"https:\/\/fam.al\/al\/wp-json\/wp\/v2\/pages\/183","targetHints":{"allow":["GET"]}}],"collection":[{"href":"https:\/\/fam.al\/al\/wp-json\/wp\/v2\/pages"}],"about":[{"href":"https:\/\/fam.al\/al\/wp-json\/wp\/v2\/types\/page"}],"author":[{"embeddable":true,"href":"https:\/\/fam.al\/al\/wp-json\/wp\/v2\/users\/1"}],"replies":[{"embeddable":true,"href":"https:\/\/fam.al\/al\/wp-json\/wp\/v2\/comments?post=183"}],"version-history":[{"count":3,"href":"https:\/\/fam.al\/al\/wp-json\/wp\/v2\/pages\/183\/revisions"}],"predecessor-version":[{"id":6250,"href":"https:\/\/fam.al\/al\/wp-json\/wp\/v2\/pages\/183\/revisions\/6250"}],"wp:attachment":[{"href":"https:\/\/fam.al\/al\/wp-json\/wp\/v2\/media?parent=183"}],"curies":[{"name":"wp","href":"https:\/\/api.w.org\/{rel}","templated":true}]}}