{"id":1259,"date":"2017-03-03T09:47:03","date_gmt":"2017-03-03T09:47:03","guid":{"rendered":"https:\/\/okthemes.com\/villenoirdarkdemo\/?page_id=1259"},"modified":"2025-08-19T04:08:02","modified_gmt":"2025-08-19T02:08:02","slug":"home","status":"publish","type":"page","link":"https:\/\/fam.al\/al\/","title":{"rendered":"Home"},"content":{"rendered":"<div class=\"wpb-content-wrapper\"><div data-vc-full-width=\"true\" data-vc-full-width-init=\"false\" class=\"vc_row wpb_row vc_row-fluid\"><div class=\"wpb_column vc_column_container vc_col-sm-12\"><div class=\"vc_column-inner\"><div class=\"wpb_wrapper\"><div class=\"vc_row wpb_row vc_inner vc_row-fluid vc_row-o-equal-height vc_row-o-content-middle vc_row-flex\"><div class=\"wpb_column vc_column_container vc_col-sm-6\"><div class=\"vc_column-inner vc_custom_1488885265853\"><div class=\"wpb_wrapper\">\n\t<div class=\"title-subtitle-box\" style=\" text-align: left;\">\n\t\t<p  style=\"\">MESAZH NGA FAM VERITAS<\/p>\n\t\t<h1 style=\" font-style: normal;\">Nj\u00eb gjenerat\u00eb e re ver\u00ebrash<\/h1>\n\t<\/div> \n\t<div class=\"wpb_text_column wpb_content_element\" >\n\t\t<div class=\"wpb_wrapper\">\n\t\t\t<p>Gjith\u00e7ka filloi me nj\u00eb \u00cbND\u00cbRR p\u00ebr t\u00eb krijuar nj\u00eb hap\u00ebsir\u00eb \u200b\u200bt\u00eb ngroht\u00eb, t\u00ebrheq\u00ebse ku t\u00eb gjith\u00eb ndihen t\u00eb mir\u00ebpritur, nj\u00eb vend ku tregimet ndahen dhe krijohen lidhje. Ne besojm\u00eb n\u00eb fuqin\u00eb e komunitetit dhe g\u00ebzimin e bashkimit t\u00eb njer\u00ebzve. Ejani t\u00eb ndani historin\u00eb tuaj me ne mbi nj\u00eb got\u00eb ver\u00eb t\u00eb kuruar me kujdes dhe l\u00ebreni bised\u00ebn t\u00eb rrjedh\u00eb. N\u00eb FAM, ne nuk sh\u00ebrbejm\u00eb vet\u00ebm ver\u00eb - ne krijojm\u00eb nj\u00eb p\u00ebrvoj\u00eb ku ju d\u00ebgjoheni, vler\u00ebsoheni dhe festoheni v\u00ebrtet.<\/p>\n\n\t\t<\/div>\n\t<\/div>\n<\/div><\/div><\/div><div class=\"wpb_column vc_column_container vc_col-sm-6\"><div class=\"vc_column-inner\"><div class=\"wpb_wrapper\">\n\t<div  class=\"wpb_single_image wpb_content_element vc_align_left wpb_content_element vc_custom_1636455427434\">\n\t\t\n\t\t<figure class=\"wpb_wrapper vc_figure\">\n\t\t\t<div class=\"vc_single_image-wrapper   vc_box_border_grey\"><img loading=\"lazy\" decoding=\"async\" width=\"794\" height=\"949\" src=\"https:\/\/fam.al\/wp-content\/uploads\/2021\/11\/silhouette-man-normal-dark-v2-reverse.jpg\" class=\"vc_single_image-img attachment-full\" alt=\"\" title=\"\" \/><\/div>\n\t\t<\/figure>\n\t<\/div>\n<\/div><\/div><\/div><\/div><\/div><\/div><\/div><\/div><div class=\"vc_row-full-width vc_clearfix\"><\/div><div data-vc-full-width=\"true\" data-vc-full-width-init=\"false\" class=\"vc_row wpb_row vc_row-fluid vc_custom_1636109418494 vc_row-has-fill\"><div class=\"wpb_column vc_column_container vc_col-sm-12\"><div class=\"vc_column-inner\"><div class=\"wpb_wrapper\"><div class=\"vc_row wpb_row vc_inner vc_row-fluid\"><div class=\"wpb_column vc_column_container vc_col-sm-7 vc_col-lg-8 vc_col-md-8\"><div class=\"vc_column-inner\"><div class=\"wpb_wrapper\">\n\t<div  class=\"wpb_single_image wpb_content_element vc_align_center wpb_content_element vc_custom_1755569272570\">\n\t\t\n\t\t<figure class=\"wpb_wrapper vc_figure\">\n\t\t\t<div class=\"vc_single_image-wrapper   vc_box_border_grey\"><img loading=\"lazy\" decoding=\"async\" width=\"750\" height=\"550\" src=\"https:\/\/fam.al\/wp-content\/uploads\/2025\/08\/1red\u200c_wines.png\" class=\"vc_single_image-img attachment-full\" alt=\"\" title=\"red\u200c_wines\" srcset=\"https:\/\/fam.al\/wp-content\/uploads\/2025\/08\/1red\u200c_wines.png 750w, https:\/\/fam.al\/wp-content\/uploads\/2025\/08\/1red\u200c_wines-300x220.png 300w, https:\/\/fam.al\/wp-content\/uploads\/2025\/08\/1red\u200c_wines-16x12.png 16w\" sizes=\"auto, (max-width: 750px) 100vw, 750px\" \/><\/div>\n\t\t<\/figure>\n\t<\/div>\n<\/div><\/div><\/div><div class=\"wpb_column vc_column_container vc_col-sm-5 vc_col-lg-4 vc_col-md-4 vc_col-has-fill\"><div class=\"vc_column-inner vc_custom_1636109453604\"><div class=\"wpb_wrapper\">\n\t<div class=\"title-subtitle-box\" style=\" text-align: left;\">\n\t\t<p  style=\"\">Varietetet<\/p>\n\t\t<h2 style=\" font-style: normal;\">T\u00eb kuqet<\/h2>\n\t<\/div> \n\t<div class=\"gg_list list_style_line\">\n<ul>\n<li>Primitivo<\/li>\n<li>Merlot<\/li>\n<li>Pinot Grigio<\/li>\n<\/ul>\n<\/div><div class=\"vc_btn3-container vc_btn3-inline vc_custom_1735131465117 vc_do_btn\" ><a style=\"background-color:#b0976d; color:#ffffff;\" class=\"vc_general vc_btn3 vc_btn3-size-md vc_btn3-shape-square vc_btn3-style-custom\" href=\"https:\/\/fam.al\/al\/category\/red-wines\/\" title=\"\">Porosit tani<\/a><\/div><\/div><\/div><\/div><\/div><div class=\"vc_row wpb_row vc_inner vc_row-fluid vc_custom_1636109504761\"><div class=\"wpb_column vc_column_container vc_col-sm-5 vc_col-lg-4 vc_col-md-4 vc_col-has-fill\"><div class=\"vc_column-inner vc_custom_1636109498054\"><div class=\"wpb_wrapper\">\n\t<div class=\"title-subtitle-box\" style=\" text-align: left;\">\n\t\t<p  style=\"\">Varietetet<\/p>\n\t\t<h2 style=\" font-style: normal;\">T\u00eb bardhat<\/h2>\n\t<\/div> \n\t<div class=\"gg_list list_style_line\">\n<ul>\n<li>Chardonnay<\/li>\n<li>Verdeca<\/li>\n<li>Pinot Grigio<\/li>\n<\/ul>\n<\/div><div class=\"vc_btn3-container vc_btn3-inline vc_custom_1735131446981 vc_do_btn\" ><a style=\"background-color:#b0976d; color:#ffffff;\" class=\"vc_general vc_btn3 vc_btn3-size-md vc_btn3-shape-square vc_btn3-style-custom\" href=\"https:\/\/fam.al\/al\/category\/white-wines\/\" title=\"\">Porosit tani<\/a><\/div><\/div><\/div><\/div><div class=\"wpb_column vc_column_container vc_col-sm-7 vc_col-lg-8 vc_col-md-8\"><div class=\"vc_column-inner\"><div class=\"wpb_wrapper\">\n\t<div  class=\"wpb_single_image wpb_content_element vc_align_center wpb_content_element vc_custom_1755568872117\">\n\t\t\n\t\t<figure class=\"wpb_wrapper vc_figure\">\n\t\t\t<div class=\"vc_single_image-wrapper   vc_box_border_grey\"><img loading=\"lazy\" decoding=\"async\" width=\"750\" height=\"550\" src=\"https:\/\/fam.al\/wp-content\/uploads\/2025\/08\/white_wines.png\" class=\"vc_single_image-img attachment-full\" alt=\"\" title=\"white_wines\" srcset=\"https:\/\/fam.al\/wp-content\/uploads\/2025\/08\/white_wines.png 750w, https:\/\/fam.al\/wp-content\/uploads\/2025\/08\/white_wines-300x220.png 300w, https:\/\/fam.al\/wp-content\/uploads\/2025\/08\/white_wines-16x12.png 16w\" sizes=\"auto, (max-width: 750px) 100vw, 750px\" \/><\/div>\n\t\t<\/figure>\n\t<\/div>\n<\/div><\/div><\/div><\/div><\/div><\/div><\/div><\/div><div class=\"vc_row-full-width vc_clearfix\"><\/div><div class=\"vc_row wpb_row vc_row-fluid vc_custom_1488883764701 vc_row-has-fill\"><div class=\"wpb_column vc_column_container vc_col-sm-12\"><div class=\"vc_column-inner\"><div class=\"wpb_wrapper\"><div class=\"vc_row wpb_row vc_inner vc_row-fluid\"><div class=\"wpb_column vc_column_container vc_col-sm-4\"><div class=\"vc_column-inner\"><div class=\"wpb_wrapper\">\n\t<div class=\"title-subtitle-box\" style=\" text-align: center;\">\n\t\t<h1 style=\" font-style: normal;\">Vendndodhja<\/h1>\n\t<\/div> <\/div><\/div><\/div><div class=\"wpb_column vc_column_container vc_col-sm-4\"><div class=\"vc_column-inner\"><div class=\"wpb_wrapper\">\n\t<div  class=\"wpb_single_image wpb_content_element vc_align_center wpb_content_element vc_custom_1745741312107\">\n\t\t\n\t\t<figure class=\"wpb_wrapper vc_figure\">\n\t\t\t<div class=\"vc_single_image-wrapper   vc_box_border_grey\"><img loading=\"lazy\" decoding=\"async\" width=\"256\" height=\"563\" src=\"https:\/\/fam.al\/wp-content\/uploads\/2025\/04\/Map.png\" class=\"vc_single_image-img attachment-full\" alt=\"\" title=\"\" srcset=\"https:\/\/fam.al\/wp-content\/uploads\/2025\/04\/Map.png 256w, https:\/\/fam.al\/wp-content\/uploads\/2025\/04\/Map-136x300.png 136w, https:\/\/fam.al\/wp-content\/uploads\/2025\/04\/Map-5x12.png 5w\" sizes=\"auto, (max-width: 256px) 100vw, 256px\" \/><\/div>\n\t\t<\/figure>\n\t<\/div>\n<\/div><\/div><\/div><div class=\"wpb_column vc_column_container vc_col-sm-4\"><div class=\"vc_column-inner\"><div class=\"wpb_wrapper\">\n\t<div class=\"wpb_text_column wpb_content_element\" >\n\t\t<div class=\"wpb_wrapper\">\n\t\t\t<p>E ndodhur n\u00eb nj\u00eb nga zonat m\u00eb t\u00eb qeta t\u00eb Astirit, Tiran\u00eb, do t\u00eb zbuloni nj\u00eb perl\u00eb t\u00eb fshehur. Dhoma jon\u00eb autentike e Degustimit &amp; Market kap sharm\u00ebn e Old World Italy duke ofruar nj\u00eb arratisje paq\u00ebsore nga zhurma e bot\u00ebs jasht\u00eb. \u00cbsht\u00eb e ngroht\u00eb, e gjer\u00eb dhe ofron nj\u00eb gam\u00eb t\u00eb gjer\u00eb djathrash artizanale, shoq\u00ebruese dhe, natyrisht, VER\u00cb. I njohur p\u00ebr mikpritjen ton\u00eb t\u00eb ngroht\u00eb, stafi yn\u00eb sh\u00ebrben nj\u00eb seleksion t\u00eb p\u00ebrzgjedhur t\u00eb ver\u00ebrave dhe djathrave artizanale. Bashkohuni me ne ta realizojm\u00eb k\u00ebt\u00eb \u00ebnd\u00ebrr s\u00eb bashku.<\/p>\n\n\t\t<\/div>\n\t<\/div>\n<div class=\"vc_btn3-container vc_btn3-left vc_do_btn\" ><a style=\"background-color:#b0976d; color:#ffffff;\" class=\"vc_general vc_btn3 vc_btn3-size-md vc_btn3-shape-square vc_btn3-style-custom\" href=\"https:\/\/fam.al\/al\/contact\/\" title=\"\">Udh\u00ebzime dhe kontakte<\/a><\/div><\/div><\/div><\/div><\/div><\/div><\/div><\/div><\/div>\n<\/div>","protected":false},"excerpt":{"rendered":"MESSAGE FROM FAM VERITAS A New Generation of Wines It all began with a DREAM to create a warm, inviting space where everyone feels welcome, a place where stories are shared, and connections are made. We believe in the power of community and the joy of bringing people together. Come share your story with us<br class=\"read-more-spacer\"> <a class=\"more-link\" href=\"https:\/\/fam.al\/al\/\">Read More<\/a>","protected":false},"author":1,"featured_media":0,"parent":0,"menu_order":0,"comment_status":"closed","ping_status":"closed","template":"","meta":{"_acf_changed":false,"footnotes":""},"class_list":["post-1259","page","type-page","status-publish","hentry"],"acf":[],"yoast_head":"<!-- This site is optimized with the Yoast SEO Premium plugin v27.0 (Yoast SEO v27.3) - https:\/\/yoast.com\/product\/yoast-seo-premium-wordpress\/ -->\n<title>Home - FAM<\/title>\n<meta name=\"description\" content=\"Shop premium wines at our online wine shop. Discover exclusive offers and find your perfect bottle today.\" \/>\n<meta name=\"robots\" content=\"index, follow, max-snippet:-1, max-image-preview:large, max-video-preview:-1\" \/>\n<link rel=\"canonical\" href=\"https:\/\/fam.al\/al\/\" \/>\n<meta property=\"og:locale\" content=\"sq_AL\" \/>\n<meta property=\"og:type\" content=\"article\" \/>\n<meta property=\"og:title\" content=\"Home\" \/>\n<meta property=\"og:description\" content=\"Shop premium wines at our online wine shop. Discover exclusive offers and find your perfect bottle today.\" \/>\n<meta property=\"og:url\" content=\"https:\/\/fam.al\/al\/\" \/>\n<meta property=\"og:site_name\" content=\"FAM\" \/>\n<meta property=\"article:modified_time\" content=\"2025-08-19T02:08:02+00:00\" \/>\n<meta name=\"twitter:card\" content=\"summary_large_image\" \/>\n<meta name=\"twitter:label1\" content=\"Est. reading time\" \/>\n\t<meta name=\"twitter:data1\" content=\"3 minuta\" \/>\n<script type=\"application\/ld+json\" class=\"yoast-schema-graph\">{\"@context\":\"https:\\\/\\\/schema.org\",\"@graph\":[{\"@type\":\"WebPage\",\"@id\":\"https:\\\/\\\/fam.al\\\/\",\"url\":\"https:\\\/\\\/fam.al\\\/\",\"name\":\"Home - FAM\",\"isPartOf\":{\"@id\":\"https:\\\/\\\/fam.al\\\/al\\\/#website\"},\"datePublished\":\"2017-03-03T09:47:03+00:00\",\"dateModified\":\"2025-08-19T02:08:02+00:00\",\"description\":\"Shop premium wines at our online wine shop. Discover exclusive offers and find your perfect bottle today.\",\"breadcrumb\":{\"@id\":\"https:\\\/\\\/fam.al\\\/#breadcrumb\"},\"inLanguage\":\"sq\",\"potentialAction\":[{\"@type\":\"ReadAction\",\"target\":[\"https:\\\/\\\/fam.al\\\/\"]}]},{\"@type\":\"BreadcrumbList\",\"@id\":\"https:\\\/\\\/fam.al\\\/#breadcrumb\",\"itemListElement\":[{\"@type\":\"ListItem\",\"position\":1,\"name\":\"Home\",\"item\":\"https:\\\/\\\/fam.al\\\/\"},{\"@type\":\"ListItem\",\"position\":2,\"name\":\"Home\"}]},{\"@type\":\"WebSite\",\"@id\":\"https:\\\/\\\/fam.al\\\/al\\\/#website\",\"url\":\"https:\\\/\\\/fam.al\\\/al\\\/\",\"name\":\"FAM\",\"description\":\"In Vino Veritas\",\"publisher\":{\"@id\":\"https:\\\/\\\/fam.al\\\/al\\\/#organization\"},\"potentialAction\":[{\"@type\":\"SearchAction\",\"target\":{\"@type\":\"EntryPoint\",\"urlTemplate\":\"https:\\\/\\\/fam.al\\\/al\\\/?s={search_term_string}\"},\"query-input\":{\"@type\":\"PropertyValueSpecification\",\"valueRequired\":true,\"valueName\":\"search_term_string\"}}],\"inLanguage\":\"sq\"},{\"@type\":[\"Organization\",\"Place\"],\"@id\":\"https:\\\/\\\/fam.al\\\/al\\\/#organization\",\"name\":\"FAM Veritas\",\"url\":\"https:\\\/\\\/fam.al\\\/al\\\/\",\"logo\":{\"@id\":\"https:\\\/\\\/fam.al\\\/#local-main-organization-logo\"},\"image\":{\"@id\":\"https:\\\/\\\/fam.al\\\/#local-main-organization-logo\"},\"sameAs\":[\"https:\\\/\\\/www.instagram.com\\\/famveritas\\\/\"],\"address\":{\"@id\":\"https:\\\/\\\/fam.al\\\/#local-main-place-address\"},\"geo\":{\"@type\":\"GeoCoordinates\",\"latitude\":\"41.3275459\",\"longitude\":\"19.8186982\"},\"telephone\":[],\"contactPoint\":{\"@type\":\"ContactPoint\",\"telephone\":\"+355685654444\",\"email\":\"contact@fam.al\"},\"openingHoursSpecification\":[{\"@type\":\"OpeningHoursSpecification\",\"dayOfWeek\":[\"Monday\",\"Tuesday\",\"Wednesday\",\"Thursday\",\"Friday\",\"Saturday\",\"Sunday\"],\"opens\":\"09:00\",\"closes\":\"17:00\"}]},{\"@type\":\"PostalAddress\",\"@id\":\"https:\\\/\\\/fam.al\\\/#local-main-place-address\",\"streetAddress\":\"Feizi Himzi Street, Astir\",\"addressLocality\":\"Tiran\u00eb\",\"postalCode\":\"1001\",\"addressCountry\":\"AL\"},{\"@type\":\"ImageObject\",\"inLanguage\":\"sq\",\"@id\":\"https:\\\/\\\/fam.al\\\/#local-main-organization-logo\",\"url\":\"https:\\\/\\\/fam.al\\\/wp-content\\\/uploads\\\/2024\\\/12\\\/cropped-Receipt-Logo.png\",\"contentUrl\":\"https:\\\/\\\/fam.al\\\/wp-content\\\/uploads\\\/2024\\\/12\\\/cropped-Receipt-Logo.png\",\"width\":512,\"height\":512,\"caption\":\"FAM Veritas\"}]}<\/script>\n<meta name=\"geo.placename\" content=\"Tiran\u00eb\" \/>\n<meta name=\"geo.position\" content=\"41.3275459;19.8186982\" \/>\n<meta name=\"geo.region\" content=\"Albania\" \/>\n<!-- \/ Yoast SEO Premium plugin. -->","yoast_head_json":{"title":"Home - FAM","description":"Blini ver\u00ebra premium n\u00eb dyqanin ton\u00eb online t\u00eb ver\u00ebrave. Zbuloni oferta ekskluzive dhe gjeni shishen tuaj t\u00eb p\u00ebrsosur sot.","robots":{"index":"index","follow":"follow","max-snippet":"max-snippet:-1","max-image-preview":"max-image-preview:large","max-video-preview":"max-video-preview:-1"},"canonical":"https:\/\/fam.al\/al\/","og_locale":"sq_AL","og_type":"article","og_title":"Home","og_description":"Shop premium wines at our online wine shop. Discover exclusive offers and find your perfect bottle today.","og_url":"https:\/\/fam.al\/al\/","og_site_name":"FAM","article_modified_time":"2025-08-19T02:08:02+00:00","twitter_card":"summary_large_image","twitter_misc":{"Est. reading time":"3 minuta"},"schema":{"@context":"https:\/\/schema.org","@graph":[{"@type":"WebPage","@id":"https:\/\/fam.al\/","url":"https:\/\/fam.al\/","name":"Home - FAM","isPartOf":{"@id":"https:\/\/fam.al\/al\/#website"},"datePublished":"2017-03-03T09:47:03+00:00","dateModified":"2025-08-19T02:08:02+00:00","description":"Blini ver\u00ebra premium n\u00eb dyqanin ton\u00eb online t\u00eb ver\u00ebrave. Zbuloni oferta ekskluzive dhe gjeni shishen tuaj t\u00eb p\u00ebrsosur sot.","breadcrumb":{"@id":"https:\/\/fam.al\/#breadcrumb"},"inLanguage":"sq","potentialAction":[{"@type":"ReadAction","target":["https:\/\/fam.al\/"]}]},{"@type":"BreadcrumbList","@id":"https:\/\/fam.al\/#breadcrumb","itemListElement":[{"@type":"ListItem","position":1,"name":"Home","item":"https:\/\/fam.al\/"},{"@type":"ListItem","position":2,"name":"Home"}]},{"@type":"WebSite","@id":"https:\/\/fam.al\/al\/#website","url":"https:\/\/fam.al\/al\/","name":"FAM","description":"In Vino Veritas","publisher":{"@id":"https:\/\/fam.al\/al\/#organization"},"potentialAction":[{"@type":"SearchAction","target":{"@type":"EntryPoint","urlTemplate":"https:\/\/fam.al\/al\/?s={search_term_string}"},"query-input":{"@type":"PropertyValueSpecification","valueRequired":true,"valueName":"search_term_string"}}],"inLanguage":"sq"},{"@type":["Organization","Place"],"@id":"https:\/\/fam.al\/al\/#organization","name":"FAM Veritas","url":"https:\/\/fam.al\/al\/","logo":{"@id":"https:\/\/fam.al\/#local-main-organization-logo"},"image":{"@id":"https:\/\/fam.al\/#local-main-organization-logo"},"sameAs":["https:\/\/www.instagram.com\/famveritas\/"],"address":{"@id":"https:\/\/fam.al\/#local-main-place-address"},"geo":{"@type":"GeoCoordinates","latitude":"41.3275459","longitude":"19.8186982"},"telephone":[],"contactPoint":{"@type":"ContactPoint","telephone":"+355685654444","email":"contact@fam.al"},"openingHoursSpecification":[{"@type":"OpeningHoursSpecification","dayOfWeek":["Monday","Tuesday","Wednesday","Thursday","Friday","Saturday","Sunday"],"opens":"09:00","closes":"17:00"}]},{"@type":"PostalAddress","@id":"https:\/\/fam.al\/#local-main-place-address","streetAddress":"Feizi Himzi Street, Astir","addressLocality":"Tiran\u00eb","postalCode":"1001","addressCountry":"AL"},{"@type":"ImageObject","inLanguage":"sq","@id":"https:\/\/fam.al\/#local-main-organization-logo","url":"https:\/\/fam.al\/wp-content\/uploads\/2024\/12\/cropped-Receipt-Logo.png","contentUrl":"https:\/\/fam.al\/wp-content\/uploads\/2024\/12\/cropped-Receipt-Logo.png","width":512,"height":512,"caption":"FAM Veritas"}]},"geo.placename":"Tiran\u00eb","geo.position":{"lat":"41.3275459","long":"19.8186982"},"geo.region":"Albania"},"_links":{"self":[{"href":"https:\/\/fam.al\/al\/wp-json\/wp\/v2\/pages\/1259","targetHints":{"allow":["GET"]}}],"collection":[{"href":"https:\/\/fam.al\/al\/wp-json\/wp\/v2\/pages"}],"about":[{"href":"https:\/\/fam.al\/al\/wp-json\/wp\/v2\/types\/page"}],"author":[{"embeddable":true,"href":"https:\/\/fam.al\/al\/wp-json\/wp\/v2\/users\/1"}],"replies":[{"embeddable":true,"href":"https:\/\/fam.al\/al\/wp-json\/wp\/v2\/comments?post=1259"}],"version-history":[{"count":7,"href":"https:\/\/fam.al\/al\/wp-json\/wp\/v2\/pages\/1259\/revisions"}],"predecessor-version":[{"id":8766,"href":"https:\/\/fam.al\/al\/wp-json\/wp\/v2\/pages\/1259\/revisions\/8766"}],"wp:attachment":[{"href":"https:\/\/fam.al\/al\/wp-json\/wp\/v2\/media?parent=1259"}],"curies":[{"name":"wp","href":"https:\/\/api.w.org\/{rel}","templated":true}]}}